{"id":1861,"date":"2025-04-28T22:45:08","date_gmt":"2025-04-28T20:45:08","guid":{"rendered":"https:\/\/elementalite.me\/?page_id=1861"},"modified":"2025-06-19T11:48:08","modified_gmt":"2025-06-19T09:48:08","slug":"elementalite-test","status":"publish","type":"page","link":"https:\/\/elementalite.me\/tr\/elementalite-test\/","title":{"rendered":"Elementalite Testi"},"content":{"rendered":"<div data-elementor-type=\"wp-page\" data-elementor-id=\"1861\" class=\"elementor elementor-1861\">\n\t\t\t\t<div class=\"elementor-element elementor-element-5e9bad1c e-flex e-con-boxed e-con e-parent\" data-id=\"5e9bad1c\" data-element_type=\"container\" data-e-type=\"container\">\n\t\t\t\t\t<div class=\"e-con-inner\">\n\t\t\t\t<div class=\"elementor-element elementor-element-612df8f elementor-widget elementor-widget-text-editor\" data-id=\"612df8f\" data-element_type=\"widget\" data-e-type=\"widget\" data-widget_type=\"text-editor.default\">\n\t\t\t\t<div class=\"elementor-widget-container\">\n\t\t\t\t\t\t\t\t\t\n<p><div id=\"forminator-quiz-leads-2730\" class=\"forminator-ui forminator-quiz-leads forminator-quiz--list\" data-design=\"flat\" data-color-option=\"default\" data-spacing=\"&quot;default&quot;\" data-alignment=\"&quot;left&quot;\"><form id=\"forminator-module-2730\" class=\"forminator-quiz forminator-quiz-2730\" method=\"post\" data-forminator-render=\"0\" data-uid=\"69d31498f0365\" action=\"\">\n\t\t\t\t\t<h3 class=\"forminator-quiz--title\">Elementalite Testi<\/h3>\n\t\t\n\t\t\t\t\t<img\n\t\t\t\tsrc=\"https:\/\/elementalite.me\/wp-content\/uploads\/2025\/05\/Elementalite-cercevesiz2-1024x328.png\"\n\t\t\t\tclass=\"forminator-quiz--image\"\n\t\t\t\taria-hidden=\"true\"\t\t\t\/>\n\t\t\n\t\t\t\t\t<div class=\"forminator-quiz--description\"><p><b>What Are the Elements Telling You?<\/b><b><br><\/b><span style=\"font-weight: 400\"> This test isn\u2019t here to put you in a box. Instead, it\u2019s designed to help you notice which element might be struggling right now\u2014and which one could use a little extra support in your life.<\/span><\/p>\n<p><span style=\"font-weight: 400\">Most of the questions and answer options reflect situations where the elements are <\/span><b>out of balance<\/b><span style=\"font-weight: 400\">. That\u2019s intentional. This test doesn\u2019t focus on your strengths\u2014it aims to help you spot what\u2019s draining you or what patterns keep repeating. So, not every option may seem \u201cpositive\u201d\u2014and that\u2019s completely okay.<\/span><\/p>\n<p><span style=\"font-weight: 400\">Just try to choose the answer that feels <\/span><b>closest<\/b><span style=\"font-weight: 400\"> to your experience.<\/span><span style=\"font-weight: 400\"><br><\/span><span style=\"font-weight: 400\"> But if <\/span><b>none<\/b><span style=\"font-weight: 400\"> of the options resonate with you, it\u2019s totally fine to say \u201cNone of the options feel right for me.\u201d Not every person goes through every situation\u2014and sometimes, balance is already present.<\/span><\/p>\n<p><span style=\"font-weight: 400\">At the end of the test, you\u2019ll find gentle suggestions for reconnecting with the element that needs some attention.<\/span><\/p>\n<p><span style=\"font-weight: 400\">If you\u2019re ready, take a deep breath&#8230;<\/span><span style=\"font-weight: 400\"><br><\/span><span style=\"font-weight: 400\"> and let\u2019s see what the elements are whispering to you.<\/span><span style=\"font-weight: 400\"><br><\/span><span style=\"font-weight: 400\">\ud83c\udf31\ud83d\udca7\ud83d\udd25\ud83c\udf2c\ufe0f<\/span><\/p><\/div>\n\t\t\n\t\t<input type=\"hidden\" name=\"trp-form-language\" value=\"tr\"\/><\/form><\/p>\n\n<p>\u00a0<\/p>\n\t\t\t\t\t\t\t\t<\/div>\n\t\t\t\t<\/div>\n\t\t\t\t\t<\/div>\n\t\t\t\t<\/div>\n\t\t<div class=\"elementor-element elementor-element-f6a9a35 e-flex e-con-boxed e-con e-parent\" data-id=\"f6a9a35\" data-element_type=\"container\" data-e-type=\"container\">\n\t\t\t\t\t<div class=\"e-con-inner\">\n\t\t\t\t<div class=\"elementor-element elementor-element-e17a968 elementor-widget elementor-widget-html\" data-id=\"e17a968\" data-element_type=\"widget\" data-e-type=\"widget\" data-widget_type=\"html.default\">\n\t\t\t\t<div class=\"elementor-widget-container\">\n\t\t\t\t\t<script>\r\ndocument.addEventListener('DOMContentLoaded', function () {\r\n  const path = window.location.pathname;\r\n\r\n  \/\/ E\u011fer \u0130ngilizce sitede yanl\u0131\u015f T\u00fcrk\u00e7e slug varsa\r\n  if (path === '\/elementalite-testi\/') {\r\n    window.location.href = '\/elementalite-test\/';\r\n  }\r\n\r\n  \/\/ E\u011fer T\u00fcrk\u00e7e sitede yanl\u0131\u015f \u0130ngilizce slug varsa\r\n  if (path === '\/tr\/elementalite-test\/') {\r\n    window.location.href = '\/tr\/elementalite-testi\/';\r\n  }\r\n});\r\n<\/script>\r\n\t\t\t\t<\/div>\n\t\t\t\t<\/div>\n\t\t\t\t\t<\/div>\n\t\t\t\t<\/div>\n\t\t\t\t<\/div>","protected":false},"excerpt":{"rendered":"<p>\u00a0<\/p>","protected":false},"author":1,"featured_media":0,"parent":0,"menu_order":0,"comment_status":"closed","ping_status":"closed","template":"","meta":{"site-sidebar-layout":"default","site-content-layout":"","ast-site-content-layout":"default","site-content-style":"default","site-sidebar-style":"default","ast-global-header-display":"","ast-banner-title-visibility":"","ast-main-header-display":"","ast-hfb-above-header-display":"","ast-hfb-below-header-display":"","ast-hfb-mobile-header-display":"","site-post-title":"","ast-breadcrumbs-content":"","ast-featured-img":"","footer-sml-layout":"","ast-disable-related-posts":"","theme-transparent-header-meta":"","adv-header-id-meta":"","stick-header-meta":"","header-above-stick-meta":"","header-main-stick-meta":"","header-below-stick-meta":"","astra-migrate-meta-layouts":"default","ast-page-background-enabled":"default","ast-page-background-meta":{"desktop":{"background-color":"var(--ast-global-color-5)","background-image":"","background-repeat":"repeat","background-position":"center center","background-size":"auto","background-attachment":"scroll","background-type":"","background-media":"","overlay-type":"","overlay-color":"","overlay-opacity":"","overlay-gradient":""},"tablet":{"background-color":"","background-image":"","background-repeat":"repeat","background-position":"center center","background-size":"auto","background-attachment":"scroll","background-type":"","background-media":"","overlay-type":"","overlay-color":"","overlay-opacity":"","overlay-gradient":""},"mobile":{"background-color":"","background-image":"","background-repeat":"repeat","background-position":"center center","background-size":"auto","background-attachment":"scroll","background-type":"","background-media":"","overlay-type":"","overlay-color":"","overlay-opacity":"","overlay-gradient":""}},"ast-content-background-meta":{"desktop":{"background-color":"var(--ast-global-color-4)","background-image":"","background-repeat":"repeat","background-position":"center center","background-size":"auto","background-attachment":"scroll","background-type":"","background-media":"","overlay-type":"","overlay-color":"","overlay-opacity":"","overlay-gradient":""},"tablet":{"background-color":"var(--ast-global-color-4)","background-image":"","background-repeat":"repeat","background-position":"center center","background-size":"auto","background-attachment":"scroll","background-type":"","background-media":"","overlay-type":"","overlay-color":"","overlay-opacity":"","overlay-gradient":""},"mobile":{"background-color":"var(--ast-global-color-4)","background-image":"","background-repeat":"repeat","background-position":"center center","background-size":"auto","background-attachment":"scroll","background-type":"","background-media":"","overlay-type":"","overlay-color":"","overlay-opacity":"","overlay-gradient":""}},"footnotes":""},"class_list":["post-1861","page","type-page","status-publish","hentry"],"yoast_head":"<!-- This site is optimized with the Yoast SEO plugin v27.3 - https:\/\/yoast.com\/product\/yoast-seo-wordpress\/ -->\n<title>Elementalite Test | Discover Your Elemental Imbalance<\/title>\n<meta name=\"description\" content=\"Take the Elementalite Test to explore which of the four elements\u2014Earth, Water, Air, or Fire\u2014might be out of balance in your life.\" \/>\n<meta name=\"robots\" content=\"index, follow, max-snippet:-1, max-image-preview:large, max-video-preview:-1\" \/>\n<link rel=\"canonical\" href=\"https:\/\/elementalite.me\/tr\/elementalite-test\/\" \/>\n<meta property=\"og:locale\" content=\"tr_TR\" \/>\n<meta property=\"og:type\" content=\"article\" \/>\n<meta property=\"og:title\" content=\"Elementalite Test | Discover Your Elemental Imbalance\" \/>\n<meta property=\"og:description\" content=\"Take the Elementalite Test to explore which of the four elements\u2014Earth, Water, Air, or Fire\u2014might be out of balance in your life.\" \/>\n<meta property=\"og:url\" content=\"https:\/\/elementalite.me\/tr\/elementalite-test\/\" \/>\n<meta property=\"article:modified_time\" content=\"2025-06-19T09:48:08+00:00\" \/>\n<meta property=\"og:image\" content=\"https:\/\/elementalite.me\/wp-content\/uploads\/2025\/05\/logo512.jpg\" \/>\n\t<meta property=\"og:image:width\" content=\"512\" \/>\n\t<meta property=\"og:image:height\" content=\"512\" \/>\n\t<meta property=\"og:image:type\" content=\"image\/jpeg\" \/>\n<meta name=\"twitter:card\" content=\"summary_large_image\" \/>\n<meta name=\"twitter:label1\" content=\"Tahmini okuma s\u00fcresi\" \/>\n\t<meta name=\"twitter:data1\" content=\"1 dakika\" \/>\n<script type=\"application\/ld+json\" class=\"yoast-schema-graph\">{\"@context\":\"https:\\\/\\\/schema.org\",\"@graph\":[{\"@type\":\"WebPage\",\"@id\":\"https:\\\/\\\/elementalite.me\\\/elementalite-test\\\/\",\"url\":\"https:\\\/\\\/elementalite.me\\\/elementalite-test\\\/\",\"name\":\"Elementalite Test | Discover Your Elemental Imbalance\",\"isPartOf\":{\"@id\":\"https:\\\/\\\/elementalite.me\\\/#website\"},\"datePublished\":\"2025-04-28T20:45:08+00:00\",\"dateModified\":\"2025-06-19T09:48:08+00:00\",\"description\":\"Take the Elementalite Test to explore which of the four elements\u2014Earth, Water, Air, or Fire\u2014might be out of balance in your life.\",\"breadcrumb\":{\"@id\":\"https:\\\/\\\/elementalite.me\\\/elementalite-test\\\/#breadcrumb\"},\"inLanguage\":\"tr\",\"potentialAction\":[{\"@type\":\"ReadAction\",\"target\":[\"https:\\\/\\\/elementalite.me\\\/elementalite-test\\\/\"]}]},{\"@type\":\"BreadcrumbList\",\"@id\":\"https:\\\/\\\/elementalite.me\\\/elementalite-test\\\/#breadcrumb\",\"itemListElement\":[{\"@type\":\"ListItem\",\"position\":1,\"name\":\"Anasayfa\",\"item\":\"https:\\\/\\\/elementalite.me\\\/\"},{\"@type\":\"ListItem\",\"position\":2,\"name\":\"Elementalite Test\"}]},{\"@type\":\"WebSite\",\"@id\":\"https:\\\/\\\/elementalite.me\\\/#website\",\"url\":\"https:\\\/\\\/elementalite.me\\\/\",\"name\":\"Elementalite.me\",\"description\":\"Reconnect with the Elements, Rediscover Yourself\",\"publisher\":{\"@id\":\"https:\\\/\\\/elementalite.me\\\/#organization\"},\"potentialAction\":[{\"@type\":\"SearchAction\",\"target\":{\"@type\":\"EntryPoint\",\"urlTemplate\":\"https:\\\/\\\/elementalite.me\\\/?s={search_term_string}\"},\"query-input\":{\"@type\":\"PropertyValueSpecification\",\"valueRequired\":true,\"valueName\":\"search_term_string\"}}],\"inLanguage\":\"tr\"},{\"@type\":\"Organization\",\"@id\":\"https:\\\/\\\/elementalite.me\\\/#organization\",\"name\":\"Elementalite\",\"url\":\"https:\\\/\\\/elementalite.me\\\/\",\"logo\":{\"@type\":\"ImageObject\",\"inLanguage\":\"tr\",\"@id\":\"https:\\\/\\\/elementalite.me\\\/#\\\/schema\\\/logo\\\/image\\\/\",\"url\":\"https:\\\/\\\/elementalite.me\\\/wp-content\\\/uploads\\\/2025\\\/05\\\/logo512.jpg\",\"contentUrl\":\"https:\\\/\\\/elementalite.me\\\/wp-content\\\/uploads\\\/2025\\\/05\\\/logo512.jpg\",\"width\":512,\"height\":512,\"caption\":\"Elementalite\"},\"image\":{\"@id\":\"https:\\\/\\\/elementalite.me\\\/#\\\/schema\\\/logo\\\/image\\\/\"},\"sameAs\":[\"https:\\\/\\\/www.instagram.com\\\/elementalite.me?igsh=ZHcxMW1vMXZ0Z2Q0\"]}]}<\/script>\n<!-- \/ Yoast SEO plugin. -->","yoast_head_json":{"title":"Elementalite Test | Discover Your Elemental Imbalance","description":"Take the Elementalite Test to explore which of the four elements\u2014Earth, Water, Air, or Fire\u2014might be out of balance in your life.","robots":{"index":"index","follow":"follow","max-snippet":"max-snippet:-1","max-image-preview":"max-image-preview:large","max-video-preview":"max-video-preview:-1"},"canonical":"https:\/\/elementalite.me\/tr\/elementalite-test\/","og_locale":"tr_TR","og_type":"article","og_title":"Elementalite Test | Discover Your Elemental Imbalance","og_description":"Take the Elementalite Test to explore which of the four elements\u2014Earth, Water, Air, or Fire\u2014might be out of balance in your life.","og_url":"https:\/\/elementalite.me\/tr\/elementalite-test\/","article_modified_time":"2025-06-19T09:48:08+00:00","og_image":[{"width":512,"height":512,"url":"https:\/\/elementalite.me\/wp-content\/uploads\/2025\/05\/logo512.jpg","type":"image\/jpeg"}],"twitter_card":"summary_large_image","twitter_misc":{"Tahmini okuma s\u00fcresi":"1 dakika"},"schema":{"@context":"https:\/\/schema.org","@graph":[{"@type":"WebPage","@id":"https:\/\/elementalite.me\/elementalite-test\/","url":"https:\/\/elementalite.me\/elementalite-test\/","name":"Elementalite Test | Discover Your Elemental Imbalance","isPartOf":{"@id":"https:\/\/elementalite.me\/#website"},"datePublished":"2025-04-28T20:45:08+00:00","dateModified":"2025-06-19T09:48:08+00:00","description":"Take the Elementalite Test to explore which of the four elements\u2014Earth, Water, Air, or Fire\u2014might be out of balance in your life.","breadcrumb":{"@id":"https:\/\/elementalite.me\/elementalite-test\/#breadcrumb"},"inLanguage":"tr","potentialAction":[{"@type":"ReadAction","target":["https:\/\/elementalite.me\/elementalite-test\/"]}]},{"@type":"BreadcrumbList","@id":"https:\/\/elementalite.me\/elementalite-test\/#breadcrumb","itemListElement":[{"@type":"ListItem","position":1,"name":"Anasayfa","item":"https:\/\/elementalite.me\/"},{"@type":"ListItem","position":2,"name":"Elementalite Test"}]},{"@type":"WebSite","@id":"https:\/\/elementalite.me\/#website","url":"https:\/\/elementalite.me\/","name":"Elementalite.me","description":"Reconnect with the Elements, Rediscover Yourself","publisher":{"@id":"https:\/\/elementalite.me\/#organization"},"potentialAction":[{"@type":"SearchAction","target":{"@type":"EntryPoint","urlTemplate":"https:\/\/elementalite.me\/?s={search_term_string}"},"query-input":{"@type":"PropertyValueSpecification","valueRequired":true,"valueName":"search_term_string"}}],"inLanguage":"tr"},{"@type":"Organization","@id":"https:\/\/elementalite.me\/#organization","name":"Elementalite","url":"https:\/\/elementalite.me\/","logo":{"@type":"ImageObject","inLanguage":"tr","@id":"https:\/\/elementalite.me\/#\/schema\/logo\/image\/","url":"https:\/\/elementalite.me\/wp-content\/uploads\/2025\/05\/logo512.jpg","contentUrl":"https:\/\/elementalite.me\/wp-content\/uploads\/2025\/05\/logo512.jpg","width":512,"height":512,"caption":"Elementalite"},"image":{"@id":"https:\/\/elementalite.me\/#\/schema\/logo\/image\/"},"sameAs":["https:\/\/www.instagram.com\/elementalite.me?igsh=ZHcxMW1vMXZ0Z2Q0"]}]}},"_links":{"self":[{"href":"https:\/\/elementalite.me\/tr\/wp-json\/wp\/v2\/pages\/1861","targetHints":{"allow":["GET"]}}],"collection":[{"href":"https:\/\/elementalite.me\/tr\/wp-json\/wp\/v2\/pages"}],"about":[{"href":"https:\/\/elementalite.me\/tr\/wp-json\/wp\/v2\/types\/page"}],"author":[{"embeddable":true,"href":"https:\/\/elementalite.me\/tr\/wp-json\/wp\/v2\/users\/1"}],"replies":[{"embeddable":true,"href":"https:\/\/elementalite.me\/tr\/wp-json\/wp\/v2\/comments?post=1861"}],"version-history":[{"count":23,"href":"https:\/\/elementalite.me\/tr\/wp-json\/wp\/v2\/pages\/1861\/revisions"}],"predecessor-version":[{"id":2805,"href":"https:\/\/elementalite.me\/tr\/wp-json\/wp\/v2\/pages\/1861\/revisions\/2805"}],"wp:attachment":[{"href":"https:\/\/elementalite.me\/tr\/wp-json\/wp\/v2\/media?parent=1861"}],"curies":[{"name":"wp","href":"https:\/\/api.w.org\/{rel}","templated":true}]}}