{"id":1716,"date":"2025-04-17T18:23:39","date_gmt":"2025-04-17T18:23:39","guid":{"rendered":"https:\/\/elementalite.me\/?page_id=1716"},"modified":"2025-08-21T14:51:41","modified_gmt":"2025-08-21T12:51:41","slug":"elements","status":"publish","type":"page","link":"https:\/\/elementalite.me\/tr\/elements\/","title":{"rendered":"Elementler"},"content":{"rendered":"<div data-elementor-type=\"wp-page\" data-elementor-id=\"1716\" class=\"elementor elementor-1716\">\n\t\t\t\t<div class=\"elementor-element elementor-element-dcfb448 e-con-full e-flex e-con e-parent\" data-id=\"dcfb448\" data-element_type=\"container\" data-e-type=\"container\" data-settings=\"{&quot;background_background&quot;:&quot;classic&quot;}\">\n\t\t<div class=\"elementor-element elementor-element-d21b7e0 e-flex e-con-boxed e-con e-child\" data-id=\"d21b7e0\" data-element_type=\"container\" data-e-type=\"container\">\n\t\t\t\t\t<div class=\"e-con-inner\">\n\t\t\t\t\t<\/div>\n\t\t\t\t<\/div>\n\t\t\t\t<\/div>\n\t\t<div class=\"elementor-element elementor-element-ba46aa4 e-flex e-con-boxed e-con e-parent\" data-id=\"ba46aa4\" data-element_type=\"container\" data-e-type=\"container\" data-settings=\"{&quot;background_background&quot;:&quot;classic&quot;}\">\n\t\t\t\t\t<div class=\"e-con-inner\">\n\t\t<div class=\"elementor-element elementor-element-94092f7 e-con-full e-flex e-con e-child\" data-id=\"94092f7\" data-element_type=\"container\" data-e-type=\"container\">\n\t\t\t\t<div class=\"elementor-element elementor-element-9e18a44 elementor-widget elementor-widget-text-editor\" data-id=\"9e18a44\" data-element_type=\"widget\" data-e-type=\"widget\" data-widget_type=\"text-editor.default\">\n\t\t\t\t<div class=\"elementor-widget-container\">\n\t\t\t\t\t\t\t\t\t<p><span style=\"font-weight: 400;\">Biz elementlerden olu\u015fuyoruz.<\/span><\/p><p><span style=\"font-weight: 400;\">Her biri farkl\u0131 bir dil konu\u015fuyor: Hareketin, duygunun, d\u00fc\u015f\u00fcncenin ve dura\u011fanl\u0131\u011f\u0131n...<\/span><\/p><p><span style=\"font-weight: 400;\">Onlar\u0131 tan\u0131mak, kendimizi tan\u0131makt\u0131r.<\/span><\/p>\t\t\t\t\t\t\t\t<\/div>\n\t\t\t\t<\/div>\n\t\t\t\t<\/div>\n\t\t\t\t\t<\/div>\n\t\t\t\t<\/div>\n\t\t<div class=\"elementor-element elementor-element-abe5638 e-flex e-con-boxed e-con e-parent\" data-id=\"abe5638\" data-element_type=\"container\" data-e-type=\"container\" data-settings=\"{&quot;background_background&quot;:&quot;classic&quot;}\">\n\t\t\t\t\t<div class=\"e-con-inner\">\n\t\t<div class=\"elementor-element elementor-element-7b9aa11 e-con-full e-flex e-con e-child\" data-id=\"7b9aa11\" data-element_type=\"container\" data-e-type=\"container\">\n\t\t\t\t<div class=\"elementor-element elementor-element-f1306ea elementor-widget elementor-widget-heading\" data-id=\"f1306ea\" data-element_type=\"widget\" data-e-type=\"widget\" data-widget_type=\"heading.default\">\n\t\t\t\t<div class=\"elementor-widget-container\">\n\t\t\t\t\t<h2 class=\"elementor-heading-title elementor-size-default\">ATE\u015e<\/h2>\t\t\t\t<\/div>\n\t\t\t\t<\/div>\n\t\t\t\t<div class=\"elementor-element elementor-element-c1129dd elementor-widget elementor-widget-text-editor\" data-id=\"c1129dd\" data-element_type=\"widget\" data-e-type=\"widget\" data-widget_type=\"text-editor.default\">\n\t\t\t\t<div class=\"elementor-widget-container\">\n\t\t\t\t\t\t\t\t\t<p><span style=\"font-weight: 400;\">D\u00f6n\u00fc\u015f\u00fcm\u00fcn ve Cesaretin Elementi.<\/span><\/p><p><span style=\"font-weight: 400;\">Ate\u015f harekettir. Tutkudur. Yarat\u0131md\u0131r.\u00a0<\/span><\/p><p><span style=\"font-weight: 400;\">Her \u015feyin ba\u015flang\u0131c\u0131ndaki k\u0131v\u0131lc\u0131md\u0131r.<\/span><\/p><p><span style=\"font-weight: 400;\">Ate\u015f beklemez. Sormaz. Hareket eder.<\/span><\/p><p><span style=\"font-weight: 400;\">Ate\u015f vah\u015fidir\u2014seni ya yoluna \u0131\u015f\u0131k tutarak y\u00f6nlendirir ya da seni tamamen yakar.<\/span><\/p><p><span style=\"font-weight: 400;\">Fazla oldu\u011funda, \u00f6n\u00fcne \u00e7\u0131kan her \u015feyi yakar, geride hi\u00e7bir \u015fey b\u0131rakmaz.<\/span><\/p><p><span style=\"font-weight: 400;\">Yoklu\u011funda ise hayat so\u011fuk, dura\u011fan ve ilhams\u0131z gelir.<\/span><\/p><p><span style=\"font-weight: 400;\">Ama dengedeyse\u2014i\u00e7indeki \u0131\u015f\u0131kt\u0131r.<\/span><\/p><p><span style=\"font-weight: 400;\"><br \/><\/span><span style=\"font-weight: 400;\">Elementalite\u2019de ate\u015fi, hayat\u0131m\u0131zdaki d\u00f6n\u00fc\u015f\u00fcm\u00fcn ve hareketin sembol\u00fc olarak ke\u015ffediyoruz. Ne kontrols\u00fcz bir yang\u0131n, ne de s\u00f6nm\u00fc\u015f bir kor. Dengeyi bulmaya \u00e7al\u0131\u015f\u0131yoruz \u2014 t\u0131pk\u0131 kendimizde oldu\u011fu gibi.<\/span><\/p>\t\t\t\t\t\t\t\t<\/div>\n\t\t\t\t<\/div>\n\t\t\t\t<\/div>\n\t\t\t\t\t<\/div>\n\t\t\t\t<\/div>\n\t\t<div class=\"elementor-element elementor-element-361d418 e-flex e-con-boxed e-con e-parent\" data-id=\"361d418\" data-element_type=\"container\" data-e-type=\"container\" data-settings=\"{&quot;background_background&quot;:&quot;classic&quot;}\">\n\t\t\t\t\t<div class=\"e-con-inner\">\n\t\t<div class=\"elementor-element elementor-element-59787e3 e-con-full e-flex e-con e-child\" data-id=\"59787e3\" data-element_type=\"container\" data-e-type=\"container\">\n\t\t\t\t<div class=\"elementor-element elementor-element-60ff8f6 elementor-widget elementor-widget-heading\" data-id=\"60ff8f6\" data-element_type=\"widget\" data-e-type=\"widget\" data-widget_type=\"heading.default\">\n\t\t\t\t<div class=\"elementor-widget-container\">\n\t\t\t\t\t<h2 class=\"elementor-heading-title elementor-size-default\">TOPRAK<\/h2>\t\t\t\t<\/div>\n\t\t\t\t<\/div>\n\t\t\t\t<div class=\"elementor-element elementor-element-1de431f elementor-widget elementor-widget-text-editor\" data-id=\"1de431f\" data-element_type=\"widget\" data-e-type=\"widget\" data-widget_type=\"text-editor.default\">\n\t\t\t\t<div class=\"elementor-widget-container\">\n\t\t\t\t\t\t\t\t\t<p><span style=\"font-weight: 400;\">G\u00fcvenin ve Dayan\u0131kl\u0131l\u0131\u011f\u0131n Elementi.<\/span><\/p><p><span style=\"font-weight: 400;\">Toprak tutar. \u0130n\u015fa eder. Kal\u0131r.<\/span><\/p><p><span style=\"font-weight: 400;\">Hayat\u0131n\u0131n temeli, ayaklar\u0131n\u0131n alt\u0131ndaki zemin, hayalleri ger\u00e7e\u011fe d\u00f6n\u00fc\u015ft\u00fcren ellerdir.<\/span><\/p><p><span style=\"font-weight: 400;\">Topra\u011fa g\u00fcvenebilirsin.\nSadakattir, k\u00f6kt\u00fcr, temeldir.<\/span><\/p><p><span style=\"font-weight: 400;\">Ama toprak \u00e7ok s\u0131k\u0131 tuttu\u011funda\u2026 seni hapsedebilir.\nBa\u015fta koruyucu g\u00f6r\u00fcnen sarma\u015f\u0131k, bir a\u011fac\u0131 sar\u0131p sonunda nefessiz b\u0131rakabilir.<\/span><\/p><p><span style=\"font-weight: 400;\">Toprak olmadan hi\u00e7bir \u015fey kal\u0131c\u0131 olmaz.<\/span><\/p><p><span style=\"font-weight: 400;\">Bir tohum filizlenebilir ama destek olmadan asla g\u00fc\u00e7l\u00fc bir a\u011faca d\u00f6n\u00fc\u015femez.<\/span><\/p><p><span style=\"font-weight: 400;\">Dengedeki toprak, mevsimlerin ritmidir.\nBir orman: b\u00fcy\u00fcr, solar, tekrar ye\u015ferir\u2014her seferinde daha g\u00fc\u00e7l\u00fc, daha derin, daha bilge.<\/span><\/p><p>\u00a0<\/p><p><span style=\"font-weight: 400;\">Elementalite\u2019de toprak; ait hissetmek, bedenimizle yeniden ba\u011f kurmak ve ya\u015fama sa\u011flam basmak i\u00e7in bizimle birlikte olan bir sembol. \u00c7ok basit asl\u0131nda, ama derin.<\/span><\/p>\t\t\t\t\t\t\t\t<\/div>\n\t\t\t\t<\/div>\n\t\t\t\t<\/div>\n\t\t\t\t\t<\/div>\n\t\t\t\t<\/div>\n\t\t<div class=\"elementor-element elementor-element-91b21d3 e-flex e-con-boxed e-con e-parent\" data-id=\"91b21d3\" data-element_type=\"container\" data-e-type=\"container\" data-settings=\"{&quot;background_background&quot;:&quot;classic&quot;}\">\n\t\t\t\t\t<div class=\"e-con-inner\">\n\t\t<div class=\"elementor-element elementor-element-9307c14 e-con-full e-flex e-con e-child\" data-id=\"9307c14\" data-element_type=\"container\" data-e-type=\"container\">\n\t\t\t\t<div class=\"elementor-element elementor-element-9eff0d7 elementor-widget elementor-widget-heading\" data-id=\"9eff0d7\" data-element_type=\"widget\" data-e-type=\"widget\" data-widget_type=\"heading.default\">\n\t\t\t\t<div class=\"elementor-widget-container\">\n\t\t\t\t\t<h2 class=\"elementor-heading-title elementor-size-default\">HAVA<\/h2>\t\t\t\t<\/div>\n\t\t\t\t<\/div>\n\t\t\t\t<div class=\"elementor-element elementor-element-617b433 elementor-widget elementor-widget-text-editor\" data-id=\"617b433\" data-element_type=\"widget\" data-e-type=\"widget\" data-widget_type=\"text-editor.default\">\n\t\t\t\t<div class=\"elementor-widget-container\">\n\t\t\t\t\t\t\t\t\t<p><span style=\"font-weight: 400;\">Zihnin ve \u0130leti\u015fimin Elementi.<\/span><\/p><p><span style=\"font-weight: 400;\">Merakl\u0131 bir filozof gibi, s\u00fcrekli sorular soran\u2014\nruhun \u00e7oktan bildi\u011fi cevaplar\u0131 hat\u0131rlamaya \u00e7al\u0131\u015fan.<\/span><\/p><p><span style=\"font-weight: 400;\">Hava hareket eder.\nBir d\u00fc\u015f\u00fcnceden di\u011ferine, bir fikirden \u00f6tekine u\u00e7ar.\nAsla yerle\u015fmekle yetinmez.<\/span><\/p><p><span style=\"font-weight: 400;\">Fazla oldu\u011funda, g\u00f6ky\u00fcz\u00fcnde kaybolursun\u2014\nger\u00e7eklikten uzakla\u015farak, yere de\u011fmeden sadece u\u00e7ars\u0131n.<\/span><\/p><p><span style=\"font-weight: 400;\">Yoklu\u011funda ise, sonsuz bir denizde sessiz bir denizci gibi olursun\u2014\nnereye gitti\u011fini ya da ne hissetti\u011fini bilemeden savrulursun.<\/span><\/p><p><span style=\"font-weight: 400;\">Dengeli hava, sisleri da\u011f\u0131tan hafif bir esintidir.<\/span><\/p><p><span style=\"font-weight: 400;\">Netlik getirir ama seni k\u00f6kten koparmaz.\nBa\u011flant\u0131y\u0131 kaybetmeden i\u00e7g\u00f6r\u00fc sa\u011flar.<\/span><\/p><p class=\"translation-block\">Elementalite\u2019de havayla \u00e7al\u0131\u015fmak; fark\u0131ndal\u0131\u011f\u0131m\u0131z\u0131 art\u0131rmak, d\u00fc\u015f\u00fcncelerimize biraz mesafe koymak ve \u00e7evremizle ba\u011flar\u0131m\u0131z\u0131 tazelemek anlam\u0131na geliyor.\n Kula\u011fa basit geliyor olabilir, ama \u00e7o\u011fu zaman en hafif \u015feyler en derin izleri b\u0131rak\u0131r.<\/p>\t\t\t\t\t\t\t\t<\/div>\n\t\t\t\t<\/div>\n\t\t\t\t<\/div>\n\t\t\t\t\t<\/div>\n\t\t\t\t<\/div>\n\t\t<div class=\"elementor-element elementor-element-92b0a51 e-flex e-con-boxed e-con e-parent\" data-id=\"92b0a51\" data-element_type=\"container\" data-e-type=\"container\" data-settings=\"{&quot;background_background&quot;:&quot;classic&quot;}\">\n\t\t\t\t\t<div class=\"e-con-inner\">\n\t\t<div class=\"elementor-element elementor-element-bfcb782 e-con-full e-flex e-con e-child\" data-id=\"bfcb782\" data-element_type=\"container\" data-e-type=\"container\">\n\t\t\t\t<div class=\"elementor-element elementor-element-5bdba59 elementor-widget elementor-widget-heading\" data-id=\"5bdba59\" data-element_type=\"widget\" data-e-type=\"widget\" data-widget_type=\"heading.default\">\n\t\t\t\t<div class=\"elementor-widget-container\">\n\t\t\t\t\t<h2 class=\"elementor-heading-title elementor-size-default\">SU<\/h2>\t\t\t\t<\/div>\n\t\t\t\t<\/div>\n\t\t\t\t<div class=\"elementor-element elementor-element-fd7d539 elementor-widget elementor-widget-text-editor\" data-id=\"fd7d539\" data-element_type=\"widget\" data-e-type=\"widget\" data-widget_type=\"text-editor.default\">\n\t\t\t\t<div class=\"elementor-widget-container\">\n\t\t\t\t\t\t\t\t\t<p><span style=\"font-weight: 400;\">Duygular\u0131n Elementi<\/span><span style=\"font-weight: 400;\">\u2028<\/span><\/p>\n<p><span style=\"font-weight: 400;\">Yaralar\u0131 iyile\u015ftirendir.\nSessiz dinleyici.\nRuhun besleyicisi.<\/span><\/p>\n<p><span style=\"font-weight: 400;\">Su her \u015feyi hisseder\u2014\nderinden, durmaks\u0131z\u0131n.\nS\u00f6zc\u00fcklerle de\u011fil, sezgiyle akar.<\/span><\/p>\n<p><span style=\"font-weight: 400;\">Fazla oldu\u011funda, dalgalar\u0131n alt\u0131nda kal\u0131rs\u0131n.\nBunal\u0131rs\u0131n.Duygulara bo\u011fulursun ama onlar\u0131 ifade edecek yer bulamazs\u0131n.<\/span><\/p>\n<p><span style=\"font-weight: 400;\">Yetersiz oldu\u011funda ise hissizle\u015firsin.\nKopars\u0131n.\nKendinle ve ba\u015fkalar\u0131yla ba\u011f\u0131n\u0131 yitirirsin\u2014bir zamanlar duyguyla dolup ta\u015fan bir kuyu, art\u0131k kurudur.<\/span><\/p>\n<p><span style=\"font-weight: 400;\">Dengeli su, varolu\u015fun ta kendisidir.\nSana hissetmeyi \u00f6\u011fretir, bo\u011fulmadan.\nYaralar\u0131nla kalabilmeyi, onlar\u0131 nazik\u00e7e yumu\u015fatmay\u0131 g\u00f6sterir.<\/span><\/p>\n<p><br><\/p>\n<p><span style=\"font-weight: 400;\">Elementalite\u2019de suyu, i\u00e7imizdeki duygusal ak\u0131\u015fla yeniden tan\u0131\u015fmak i\u00e7in bir yol arkada\u015f\u0131 olarak g\u00f6r\u00fcyoruz. Kutsall\u0131k atfetmeden, k\u00fc\u00e7\u00fcmsemeden \u2014 sadece fark ederek ve \u015fefkatle yakla\u015farak.<\/span><\/p>\t\t\t\t\t\t\t\t<\/div>\n\t\t\t\t<\/div>\n\t\t\t\t<div class=\"elementor-element elementor-element-15f7c01 elementor-button-success elementor-align-center elementor-widget elementor-widget-button\" data-id=\"15f7c01\" data-element_type=\"widget\" data-e-type=\"widget\" data-widget_type=\"button.default\">\n\t\t\t\t<div class=\"elementor-widget-container\">\n\t\t\t\t\t\t\t\t\t<div class=\"elementor-button-wrapper\">\n\t\t\t\t\t<a class=\"elementor-button elementor-button-link elementor-size-sm\" href=\"https:\/\/elementalite.me\/tr\/elementalite-test\/\">\n\t\t\t\t\t\t<span class=\"elementor-button-content-wrapper\">\n\t\t\t\t\t\t\t\t\t<span class=\"elementor-button-text\">Haydi hangi elementle ba\u015flaman\u0131z gerekti\u011fini bulal\u0131m.<\/span>\n\t\t\t\t\t<\/span>\n\t\t\t\t\t<\/a>\n\t\t\t\t<\/div>\n\t\t\t\t\t\t\t\t<\/div>\n\t\t\t\t<\/div>\n\t\t\t\t<\/div>\n\t\t\t\t\t<\/div>\n\t\t\t\t<\/div>\n\t\t\t\t<\/div>","protected":false},"excerpt":{"rendered":"<p>We are made of the elements. Each one speaks a different language\u2014of motion, emotion, thought, and stillness. To know them [&hellip;]<\/p>\n","protected":false},"author":1,"featured_media":0,"parent":0,"menu_order":0,"comment_status":"closed","ping_status":"closed","template":"","meta":{"site-sidebar-layout":"no-sidebar","site-content-layout":"page-builder","ast-site-content-layout":"default","site-content-style":"default","site-sidebar-style":"default","ast-global-header-display":"","ast-banner-title-visibility":"","ast-main-header-display":"","ast-hfb-above-header-display":"","ast-hfb-below-header-display":"","ast-hfb-mobile-header-display":"","site-post-title":"disabled","ast-breadcrumbs-content":"","ast-featured-img":"disabled","footer-sml-layout":"","ast-disable-related-posts":"","theme-transparent-header-meta":"enabled","adv-header-id-meta":"","stick-header-meta":"","header-above-stick-meta":"","header-main-stick-meta":"","header-below-stick-meta":"","astra-migrate-meta-layouts":"default","ast-page-background-enabled":"default","ast-page-background-meta":{"desktop":{"background-color":"var(--ast-global-color-5)","background-image":"","background-repeat":"repeat","background-position":"center center","background-size":"auto","background-attachment":"scroll","background-type":"","background-media":"","overlay-type":"","overlay-color":"","overlay-opacity":"","overlay-gradient":""},"tablet":{"background-color":"","background-image":"","background-repeat":"repeat","background-position":"center center","background-size":"auto","background-attachment":"scroll","background-type":"","background-media":"","overlay-type":"","overlay-color":"","overlay-opacity":"","overlay-gradient":""},"mobile":{"background-color":"","background-image":"","background-repeat":"repeat","background-position":"center center","background-size":"auto","background-attachment":"scroll","background-type":"","background-media":"","overlay-type":"","overlay-color":"","overlay-opacity":"","overlay-gradient":""}},"ast-content-background-meta":{"desktop":{"background-color":"var(--ast-global-color-4)","background-image":"","background-repeat":"repeat","background-position":"center center","background-size":"auto","background-attachment":"scroll","background-type":"","background-media":"","overlay-type":"","overlay-color":"","overlay-opacity":"","overlay-gradient":""},"tablet":{"background-color":"var(--ast-global-color-4)","background-image":"","background-repeat":"repeat","background-position":"center center","background-size":"auto","background-attachment":"scroll","background-type":"","background-media":"","overlay-type":"","overlay-color":"","overlay-opacity":"","overlay-gradient":""},"mobile":{"background-color":"var(--ast-global-color-4)","background-image":"","background-repeat":"repeat","background-position":"center center","background-size":"auto","background-attachment":"scroll","background-type":"","background-media":"","overlay-type":"","overlay-color":"","overlay-opacity":"","overlay-gradient":""}},"footnotes":""},"class_list":["post-1716","page","type-page","status-publish","hentry"],"yoast_head":"<!-- This site is optimized with the Yoast SEO plugin v27.3 - https:\/\/yoast.com\/product\/yoast-seo-wordpress\/ -->\n<title>The Four Elements | Earth, Water, Fire &amp; Air Explained<\/title>\n<meta name=\"description\" content=\"Discover the four elements\u2014Earth, Water, Fire, Air\u2014as ancient guides for balance, embodiment, and deeper connection to self and nature.\" \/>\n<meta name=\"robots\" content=\"index, follow, max-snippet:-1, max-image-preview:large, max-video-preview:-1\" \/>\n<link rel=\"canonical\" href=\"https:\/\/elementalite.me\/tr\/elements\/\" \/>\n<meta property=\"og:locale\" content=\"tr_TR\" \/>\n<meta property=\"og:type\" content=\"article\" \/>\n<meta property=\"og:title\" content=\"The Four Elements | Earth, Water, Fire &amp; Air Explained\" \/>\n<meta property=\"og:description\" content=\"Discover the four elements\u2014Earth, Water, Fire, Air\u2014as ancient guides for balance, embodiment, and deeper connection to self and nature.\" \/>\n<meta property=\"og:url\" content=\"https:\/\/elementalite.me\/tr\/elements\/\" \/>\n<meta property=\"article:modified_time\" content=\"2025-08-21T12:51:41+00:00\" \/>\n<meta property=\"og:image\" content=\"https:\/\/elementalite.me\/wp-content\/uploads\/2025\/05\/logo512.jpg\" \/>\n\t<meta property=\"og:image:width\" content=\"512\" \/>\n\t<meta property=\"og:image:height\" content=\"512\" \/>\n\t<meta property=\"og:image:type\" content=\"image\/jpeg\" \/>\n<meta name=\"twitter:card\" content=\"summary_large_image\" \/>\n<meta name=\"twitter:label1\" content=\"Tahmini okuma s\u00fcresi\" \/>\n\t<meta name=\"twitter:data1\" content=\"4 dakika\" \/>\n<script type=\"application\/ld+json\" class=\"yoast-schema-graph\">{\"@context\":\"https:\\\/\\\/schema.org\",\"@graph\":[{\"@type\":\"WebPage\",\"@id\":\"https:\\\/\\\/elementalite.me\\\/elements\\\/\",\"url\":\"https:\\\/\\\/elementalite.me\\\/elements\\\/\",\"name\":\"The Four Elements | Earth, Water, Fire & Air Explained\",\"isPartOf\":{\"@id\":\"https:\\\/\\\/elementalite.me\\\/#website\"},\"datePublished\":\"2025-04-17T18:23:39+00:00\",\"dateModified\":\"2025-08-21T12:51:41+00:00\",\"description\":\"Discover the four elements\u2014Earth, Water, Fire, Air\u2014as ancient guides for balance, embodiment, and deeper connection to self and nature.\",\"breadcrumb\":{\"@id\":\"https:\\\/\\\/elementalite.me\\\/elements\\\/#breadcrumb\"},\"inLanguage\":\"tr\",\"potentialAction\":[{\"@type\":\"ReadAction\",\"target\":[\"https:\\\/\\\/elementalite.me\\\/elements\\\/\"]}]},{\"@type\":\"BreadcrumbList\",\"@id\":\"https:\\\/\\\/elementalite.me\\\/elements\\\/#breadcrumb\",\"itemListElement\":[{\"@type\":\"ListItem\",\"position\":1,\"name\":\"Anasayfa\",\"item\":\"https:\\\/\\\/elementalite.me\\\/\"},{\"@type\":\"ListItem\",\"position\":2,\"name\":\"Elements\"}]},{\"@type\":\"WebSite\",\"@id\":\"https:\\\/\\\/elementalite.me\\\/#website\",\"url\":\"https:\\\/\\\/elementalite.me\\\/\",\"name\":\"Elementalite.me\",\"description\":\"Reconnect with the Elements, Rediscover Yourself\",\"publisher\":{\"@id\":\"https:\\\/\\\/elementalite.me\\\/#organization\"},\"potentialAction\":[{\"@type\":\"SearchAction\",\"target\":{\"@type\":\"EntryPoint\",\"urlTemplate\":\"https:\\\/\\\/elementalite.me\\\/?s={search_term_string}\"},\"query-input\":{\"@type\":\"PropertyValueSpecification\",\"valueRequired\":true,\"valueName\":\"search_term_string\"}}],\"inLanguage\":\"tr\"},{\"@type\":\"Organization\",\"@id\":\"https:\\\/\\\/elementalite.me\\\/#organization\",\"name\":\"Elementalite\",\"url\":\"https:\\\/\\\/elementalite.me\\\/\",\"logo\":{\"@type\":\"ImageObject\",\"inLanguage\":\"tr\",\"@id\":\"https:\\\/\\\/elementalite.me\\\/#\\\/schema\\\/logo\\\/image\\\/\",\"url\":\"https:\\\/\\\/elementalite.me\\\/wp-content\\\/uploads\\\/2025\\\/05\\\/logo512.jpg\",\"contentUrl\":\"https:\\\/\\\/elementalite.me\\\/wp-content\\\/uploads\\\/2025\\\/05\\\/logo512.jpg\",\"width\":512,\"height\":512,\"caption\":\"Elementalite\"},\"image\":{\"@id\":\"https:\\\/\\\/elementalite.me\\\/#\\\/schema\\\/logo\\\/image\\\/\"},\"sameAs\":[\"https:\\\/\\\/www.instagram.com\\\/elementalite.me?igsh=ZHcxMW1vMXZ0Z2Q0\"]}]}<\/script>\n<!-- \/ Yoast SEO plugin. -->","yoast_head_json":{"title":"The Four Elements | Earth, Water, Fire & Air Explained","description":"Discover the four elements\u2014Earth, Water, Fire, Air\u2014as ancient guides for balance, embodiment, and deeper connection to self and nature.","robots":{"index":"index","follow":"follow","max-snippet":"max-snippet:-1","max-image-preview":"max-image-preview:large","max-video-preview":"max-video-preview:-1"},"canonical":"https:\/\/elementalite.me\/tr\/elements\/","og_locale":"tr_TR","og_type":"article","og_title":"The Four Elements | Earth, Water, Fire & Air Explained","og_description":"Discover the four elements\u2014Earth, Water, Fire, Air\u2014as ancient guides for balance, embodiment, and deeper connection to self and nature.","og_url":"https:\/\/elementalite.me\/tr\/elements\/","article_modified_time":"2025-08-21T12:51:41+00:00","og_image":[{"width":512,"height":512,"url":"https:\/\/elementalite.me\/wp-content\/uploads\/2025\/05\/logo512.jpg","type":"image\/jpeg"}],"twitter_card":"summary_large_image","twitter_misc":{"Tahmini okuma s\u00fcresi":"4 dakika"},"schema":{"@context":"https:\/\/schema.org","@graph":[{"@type":"WebPage","@id":"https:\/\/elementalite.me\/elements\/","url":"https:\/\/elementalite.me\/elements\/","name":"The Four Elements | Earth, Water, Fire & Air Explained","isPartOf":{"@id":"https:\/\/elementalite.me\/#website"},"datePublished":"2025-04-17T18:23:39+00:00","dateModified":"2025-08-21T12:51:41+00:00","description":"Discover the four elements\u2014Earth, Water, Fire, Air\u2014as ancient guides for balance, embodiment, and deeper connection to self and nature.","breadcrumb":{"@id":"https:\/\/elementalite.me\/elements\/#breadcrumb"},"inLanguage":"tr","potentialAction":[{"@type":"ReadAction","target":["https:\/\/elementalite.me\/elements\/"]}]},{"@type":"BreadcrumbList","@id":"https:\/\/elementalite.me\/elements\/#breadcrumb","itemListElement":[{"@type":"ListItem","position":1,"name":"Anasayfa","item":"https:\/\/elementalite.me\/"},{"@type":"ListItem","position":2,"name":"Elements"}]},{"@type":"WebSite","@id":"https:\/\/elementalite.me\/#website","url":"https:\/\/elementalite.me\/","name":"Elementalite.me","description":"Reconnect with the Elements, Rediscover Yourself","publisher":{"@id":"https:\/\/elementalite.me\/#organization"},"potentialAction":[{"@type":"SearchAction","target":{"@type":"EntryPoint","urlTemplate":"https:\/\/elementalite.me\/?s={search_term_string}"},"query-input":{"@type":"PropertyValueSpecification","valueRequired":true,"valueName":"search_term_string"}}],"inLanguage":"tr"},{"@type":"Organization","@id":"https:\/\/elementalite.me\/#organization","name":"Elementalite","url":"https:\/\/elementalite.me\/","logo":{"@type":"ImageObject","inLanguage":"tr","@id":"https:\/\/elementalite.me\/#\/schema\/logo\/image\/","url":"https:\/\/elementalite.me\/wp-content\/uploads\/2025\/05\/logo512.jpg","contentUrl":"https:\/\/elementalite.me\/wp-content\/uploads\/2025\/05\/logo512.jpg","width":512,"height":512,"caption":"Elementalite"},"image":{"@id":"https:\/\/elementalite.me\/#\/schema\/logo\/image\/"},"sameAs":["https:\/\/www.instagram.com\/elementalite.me?igsh=ZHcxMW1vMXZ0Z2Q0"]}]}},"_links":{"self":[{"href":"https:\/\/elementalite.me\/tr\/wp-json\/wp\/v2\/pages\/1716","targetHints":{"allow":["GET"]}}],"collection":[{"href":"https:\/\/elementalite.me\/tr\/wp-json\/wp\/v2\/pages"}],"about":[{"href":"https:\/\/elementalite.me\/tr\/wp-json\/wp\/v2\/types\/page"}],"author":[{"embeddable":true,"href":"https:\/\/elementalite.me\/tr\/wp-json\/wp\/v2\/users\/1"}],"replies":[{"embeddable":true,"href":"https:\/\/elementalite.me\/tr\/wp-json\/wp\/v2\/comments?post=1716"}],"version-history":[{"count":11,"href":"https:\/\/elementalite.me\/tr\/wp-json\/wp\/v2\/pages\/1716\/revisions"}],"predecessor-version":[{"id":3116,"href":"https:\/\/elementalite.me\/tr\/wp-json\/wp\/v2\/pages\/1716\/revisions\/3116"}],"wp:attachment":[{"href":"https:\/\/elementalite.me\/tr\/wp-json\/wp\/v2\/media?parent=1716"}],"curies":[{"name":"wp","href":"https:\/\/api.w.org\/{rel}","templated":true}]}}