{"id":1711,"date":"2025-04-17T18:00:46","date_gmt":"2025-04-17T18:00:46","guid":{"rendered":"https:\/\/elementalite.me\/?page_id=1711"},"modified":"2026-02-28T12:55:12","modified_gmt":"2026-02-28T10:55:12","slug":"who_we_are","status":"publish","type":"page","link":"https:\/\/elementalite.me\/tr\/who_we_are\/","title":{"rendered":"Biz Kimiz?"},"content":{"rendered":"<div data-elementor-type=\"wp-page\" data-elementor-id=\"1711\" class=\"elementor elementor-1711\">\n\t\t\t\t<div class=\"elementor-element elementor-element-500861b e-flex e-con-boxed e-con e-parent\" data-id=\"500861b\" data-element_type=\"container\" data-e-type=\"container\">\n\t\t\t\t\t<div class=\"e-con-inner\">\n\t\t<div class=\"elementor-element elementor-element-7dbc6fb e-con-full e-flex e-con e-child\" data-id=\"7dbc6fb\" data-element_type=\"container\" data-e-type=\"container\">\n\t\t\t\t<div class=\"elementor-element elementor-element-a2fe305 elementor-widget elementor-widget-spacer\" data-id=\"a2fe305\" data-element_type=\"widget\" data-e-type=\"widget\" data-widget_type=\"spacer.default\">\n\t\t\t\t<div class=\"elementor-widget-container\">\n\t\t\t\t\t\t\t<div class=\"elementor-spacer\">\n\t\t\t<div class=\"elementor-spacer-inner\"><\/div>\n\t\t<\/div>\n\t\t\t\t\t\t<\/div>\n\t\t\t\t<\/div>\n\t\t\t\t<div class=\"elementor-element elementor-element-2da1502 elementor-widget elementor-widget-heading\" data-id=\"2da1502\" data-element_type=\"widget\" data-e-type=\"widget\" data-widget_type=\"heading.default\">\n\t\t\t\t<div class=\"elementor-widget-container\">\n\t\t\t\t\t<h2 class=\"elementor-heading-title elementor-size-default\">\u015eimdi<\/h2>\t\t\t\t<\/div>\n\t\t\t\t<\/div>\n\t\t\t\t<div class=\"elementor-element elementor-element-0e69db4 elementor-widget elementor-widget-heading\" data-id=\"0e69db4\" data-element_type=\"widget\" data-e-type=\"widget\" data-widget_type=\"heading.default\">\n\t\t\t\t<div class=\"elementor-widget-container\">\n\t\t\t\t\t<h1 class=\"elementor-heading-title elementor-size-default\">Tan\u0131\u015fma Zaman\u0131<\/h1>\t\t\t\t<\/div>\n\t\t\t\t<\/div>\n\t\t\t\t<div class=\"elementor-element elementor-element-49ce8ce elementor-widget elementor-widget-spacer\" data-id=\"49ce8ce\" data-element_type=\"widget\" data-e-type=\"widget\" data-widget_type=\"spacer.default\">\n\t\t\t\t<div class=\"elementor-widget-container\">\n\t\t\t\t\t\t\t<div class=\"elementor-spacer\">\n\t\t\t<div class=\"elementor-spacer-inner\"><\/div>\n\t\t<\/div>\n\t\t\t\t\t\t<\/div>\n\t\t\t\t<\/div>\n\t\t\t\t<\/div>\n\t\t\t\t\t<\/div>\n\t\t\t\t<\/div>\n\t\t<div class=\"elementor-element elementor-element-69c93fa e-flex e-con-boxed e-con e-parent\" data-id=\"69c93fa\" data-element_type=\"container\" data-e-type=\"container\" data-settings=\"{&quot;background_background&quot;:&quot;classic&quot;}\">\n\t\t\t\t\t<div class=\"e-con-inner\">\n\t\t<div class=\"elementor-element elementor-element-6715e45 e-con-full e-flex e-con e-child\" data-id=\"6715e45\" data-element_type=\"container\" data-e-type=\"container\">\n\t\t\t\t<div class=\"elementor-element elementor-element-d168d1b elementor-widget elementor-widget-heading\" data-id=\"d168d1b\" data-element_type=\"widget\" data-e-type=\"widget\" data-widget_type=\"heading.default\">\n\t\t\t\t<div class=\"elementor-widget-container\">\n\t\t\t\t\t<h2 class=\"elementor-heading-title elementor-size-default\">Celil G\u00f6de<\/h2>\t\t\t\t<\/div>\n\t\t\t\t<\/div>\n\t\t\t\t<div class=\"elementor-element elementor-element-1486814 elementor-widget elementor-widget-image\" data-id=\"1486814\" data-element_type=\"widget\" data-e-type=\"widget\" data-widget_type=\"image.default\">\n\t\t\t\t<div class=\"elementor-widget-container\">\n\t\t\t\t\t\t\t\t\t\t\t\t\t\t\t<img fetchpriority=\"high\" decoding=\"async\" width=\"1024\" height=\"768\" src=\"https:\/\/elementalite.me\/wp-content\/uploads\/2025\/05\/1748695027758-1024x768.jpg\" class=\"attachment-large size-large wp-image-2586\" alt=\"\" srcset=\"https:\/\/elementalite.me\/wp-content\/uploads\/2025\/05\/1748695027758-1024x768.jpg 1024w, https:\/\/elementalite.me\/wp-content\/uploads\/2025\/05\/1748695027758-300x225.jpg 300w, https:\/\/elementalite.me\/wp-content\/uploads\/2025\/05\/1748695027758-768x576.jpg 768w, https:\/\/elementalite.me\/wp-content\/uploads\/2025\/05\/1748695027758-16x12.jpg 16w, https:\/\/elementalite.me\/wp-content\/uploads\/2025\/05\/1748695027758.jpg 1081w\" sizes=\"(max-width: 1024px) 100vw, 1024px\" \/>\t\t\t\t\t\t\t\t\t\t\t\t\t\t\t<\/div>\n\t\t\t\t<\/div>\n\t\t\t\t<\/div>\n\t\t<div class=\"elementor-element elementor-element-8ba3c29 e-con-full e-flex e-con e-child\" data-id=\"8ba3c29\" data-element_type=\"container\" data-e-type=\"container\">\n\t\t\t\t<div class=\"elementor-element elementor-element-3d19314 elementor-widget elementor-widget-text-editor\" data-id=\"3d19314\" data-element_type=\"widget\" data-e-type=\"widget\" data-widget_type=\"text-editor.default\">\n\t\t\t\t<div class=\"elementor-widget-container\">\n\t\t\t\t\t\t\t\t\t<p><span style=\"font-weight: 400;\">\u0130stanbul'da do\u011fan Celil, Fenerbah\u00e7e Spor Kul\u00fcb\u00fc\u2019nde lisansl\u0131 bir sporcu olarak yeti\u015fti; 17 ya\u015f\u0131ndayken T\u00fcrkiye K\u00fcrek Milli Tak\u0131m\u0131'nda yer ald\u0131. Disiplinle bedeni dinlemeyi, do\u011fayla birlikte hareket etmeyi ilk orada \u00f6\u011frendi.<\/span><\/p><p><span style=\"font-weight: 400;\">Sahne sanatlar\u0131yla ili\u015fkisi \u0130stanbul \u00dcniversitesi SBF Tiyatro Kul\u00fcb\u00fc\u2019nde oyunculuk ve y\u00f6netmenlikle ba\u015flad\u0131. Bale ve \u00e7a\u011fda\u015f dans e\u011fitimleriyle bedeni, Mimar Sinan \u00dcniversitesi\u2019nde ald\u0131\u011f\u0131 derslerle sahne tasar\u0131m\u0131n\u0131 ke\u015ffetti. \u0130stanbul K\u00fclt\u00fcr Sanat Vakf\u0131\u2019nda (\u0130KSV), Tiyatro, M\u00fczik, Caz Festivalleri ve \u0130stanbul Bienali gibi uluslararas\u0131 etkinliklerde uzun y\u0131llar boyunca \u00e7e\u015fitli g\u00f6revler \u00fcstlendi. \u0130KSV Salon\u2019da y\u00fczlerce performansa \u0131\u015f\u0131k tasar\u0131m\u0131 yapt\u0131. T\u00fcrkiye ve Avrupa'da bir\u00e7ok tiyatro, dans ve m\u00fczik grubuyla i\u015fbirli\u011fi yaparak tasar\u0131mlar \u00fcretti, g\u00f6steriler y\u00f6netti ve at\u00f6lye \u00e7al\u0131\u015fmalar\u0131 y\u00fcr\u00fctt\u00fc.<\/span><\/p><p><span style=\"font-weight: 400;\">I\u015f\u0131k ve ses tasar\u0131m\u0131, dans ve beden \u00e7al\u0131\u015fmalar\u0131, metin \u00e7\u00f6z\u00fcmleme ve dramaturgi gibi teknik alanlardaki deneyimlerini; felsefe, psikoloji, sosyoloji ve bilimsel okumalarla derinle\u015ftirdi. Frekans, \u0131\u015f\u0131k, beden ve ritmin kesi\u015fiminde, sahne sanatlar\u0131n\u0131n sadece izlenen de\u011fil, ya\u015fanan bir \u015feye d\u00f6n\u00fc\u015febilece\u011fini fark etti.<\/span><\/p><p><span style=\"font-weight: 400;\">Elementalite, bu aray\u0131\u015flar\u0131n ve birikimlerin i\u00e7ten gelen bir \u00e7a\u011fr\u0131s\u0131yla \u015fekillendi. Hem bir alan, hem bir deney, hem de bir yolculuk. Sahne ile bedenin, do\u011fa ile sanat\u0131n, birey ile kolektifin bulu\u015ftu\u011fu bu projede, y\u0131llar i\u00e7inde biriktirdi\u011fi bilgi ve sezgileri ba\u015fkalar\u0131yla payla\u015fmay\u0131; birlikte deneyimlemeyi ve d\u00f6n\u00fc\u015fmeyi ama\u00e7l\u0131yor.<\/span><\/p><p><span style=\"font-weight: 400;\">\u00c7\u00fcnk\u00fc Celil i\u00e7in sahne, sadece bir g\u00f6steri alan\u0131 de\u011fil. Bir ge\u00e7it, bir ayna. Ve belki de en \u00e7ok: kendine, ba\u015fkas\u0131na ve hayata daha derinden bakmak i\u00e7in bir davet.<\/span><\/p>\t\t\t\t\t\t\t\t<\/div>\n\t\t\t\t<\/div>\n\t\t\t\t<\/div>\n\t\t\t\t\t<\/div>\n\t\t\t\t<\/div>\n\t\t<div class=\"elementor-element elementor-element-c930d48 e-flex e-con-boxed e-con e-parent\" data-id=\"c930d48\" data-element_type=\"container\" data-e-type=\"container\" data-settings=\"{&quot;background_background&quot;:&quot;classic&quot;}\">\n\t\t\t\t\t<div class=\"e-con-inner\">\n\t\t<div class=\"elementor-element elementor-element-8c47388 e-con-full e-flex e-con e-child\" data-id=\"8c47388\" data-element_type=\"container\" data-e-type=\"container\">\n\t\t\t\t<div class=\"elementor-element elementor-element-121654a elementor-widget elementor-widget-heading\" data-id=\"121654a\" data-element_type=\"widget\" data-e-type=\"widget\" data-widget_type=\"heading.default\">\n\t\t\t\t<div class=\"elementor-widget-container\">\n\t\t\t\t\t<h2 class=\"elementor-heading-title elementor-size-default\">\u0130pek Kutbay<\/h2>\t\t\t\t<\/div>\n\t\t\t\t<\/div>\n\t\t\t\t<div class=\"elementor-element elementor-element-d63f2e9 elementor-widget elementor-widget-image\" data-id=\"d63f2e9\" data-element_type=\"widget\" data-e-type=\"widget\" data-widget_type=\"image.default\">\n\t\t\t\t<div class=\"elementor-widget-container\">\n\t\t\t\t\t\t\t\t\t\t\t\t\t\t\t<img decoding=\"async\" width=\"666\" height=\"1024\" src=\"https:\/\/elementalite.me\/wp-content\/uploads\/2025\/08\/yeni-666x1024.jpg\" class=\"attachment-large size-large wp-image-2923\" alt=\"\" srcset=\"https:\/\/elementalite.me\/wp-content\/uploads\/2025\/08\/yeni-666x1024.jpg 666w, https:\/\/elementalite.me\/wp-content\/uploads\/2025\/08\/yeni-195x300.jpg 195w, https:\/\/elementalite.me\/wp-content\/uploads\/2025\/08\/yeni-768x1182.jpg 768w, https:\/\/elementalite.me\/wp-content\/uploads\/2025\/08\/yeni-998x1536.jpg 998w, https:\/\/elementalite.me\/wp-content\/uploads\/2025\/08\/yeni-8x12.jpg 8w, https:\/\/elementalite.me\/wp-content\/uploads\/2025\/08\/yeni.jpg 1300w\" sizes=\"(max-width: 666px) 100vw, 666px\" \/>\t\t\t\t\t\t\t\t\t\t\t\t\t\t\t<\/div>\n\t\t\t\t<\/div>\n\t\t\t\t<\/div>\n\t\t<div class=\"elementor-element elementor-element-136feda e-con-full e-flex e-con e-child\" data-id=\"136feda\" data-element_type=\"container\" data-e-type=\"container\">\n\t\t\t\t<div class=\"elementor-element elementor-element-9d6b80b elementor-widget elementor-widget-text-editor\" data-id=\"9d6b80b\" data-element_type=\"widget\" data-e-type=\"widget\" data-widget_type=\"text-editor.default\">\n\t\t\t\t<div class=\"elementor-widget-container\">\n\t\t\t\t\t\t\t\t\t<p><span style=\"font-weight: 400;\">\u0130stanbul\u2019da do\u011fan \u0130pek, hem d\u00fcnyay\u0131 hem de insan ruhunu ke\u015ffetmeyi seven bir yolcu. Galatasaray Lisesi\u2019nin ard\u0131ndan Bo\u011fazi\u00e7i \u00dcniversitesi Felsefe b\u00f6l\u00fcm\u00fcn\u00fc bitirdi. Sonras\u0131nda Yale \u00dcniversitesi\u2019nde The Science of Well-Being, Business Negotiation ve Everyday Parenting sertifika programlar\u0131n\u0131 tamamlad\u0131.<\/span><\/p><p><span style=\"font-weight: 400;\">27 y\u0131ld\u0131r matematik, fizik, kimya, felsefe ve psikoloji alanlar\u0131nda \u00f6zel dersler veriyor; son 11 y\u0131ld\u0131r bu s\u00fcreci tamamen online olarak s\u00fcrd\u00fcr\u00fcyor. Onun \u00f6\u011fretme tarz\u0131, mant\u0131\u011f\u0131 sezgiyle, bilgiyi anlay\u0131\u015fla bulu\u015fturuyor. Her \u015feyden \u00f6nce \u015fu soruyu \u00f6nemsiyor: Bir \u015feyi ger\u00e7ekten anlamam\u0131z\u0131 sa\u011flayan nedir?<\/span><\/p><p><span style=\"font-weight: 400;\">M\u00fczik ve dans, hayat\u0131n\u0131n en do\u011fal ritimleri. \u00c7ocuklu\u011fundan beri sahnedeydi; \u00e7ald\u0131, s\u00f6yledi, dans etti... Onun i\u00e7in m\u00fczik, matematik kadar temel bir ritim \u2014 hayat\u0131n\u0131 onun \u00fczerine kuruyor.<\/span><\/p><p><span style=\"font-weight: 400;\">Karada\u011f\u2019a ta\u015f\u0131nmadan \u00f6nce, T\u00fcrkiye\u2019de neredeyse 20 y\u0131l boyunca k\u00fclt\u00fcr ve sanat etkinlikleri organize etti. Ta\u015f\u0131nd\u0131ktan sonra Turizm ve Otelcilik fak\u00fcltesinde e\u011fitim alarak ulusal kokartl\u0131 rehber oldu. \u0130ster antik bir kasabada bir gruba liderlik etsin, ister do\u011fada ya da online birini kendi i\u00e7ine do\u011fru y\u00f6nlendirsin \u2014 rehberlik etmek onun ruhunda var.<\/span><\/p><p><span style=\"font-weight: 400;\">Bug\u00fcn, Elementalite\u2019de t\u00fcm bu yollar bulu\u015fuyor. \u0130pek; do\u011fada ya da online, insanlar\u0131n kendi elementleriyle, kendi hik\u00e2yeleriyle ve birbirleriyle yeniden ba\u011f kurmalar\u0131n\u0131 sa\u011flayan deneyimler tasarl\u0131yor ve y\u00fcr\u00fct\u00fcyor. Onunla \u00f6\u011frenmek bir ders de\u011fil \u2014 ortak bir yolculuk.<\/span><\/p>\t\t\t\t\t\t\t\t<\/div>\n\t\t\t\t<\/div>\n\t\t\t\t<\/div>\n\t\t\t\t\t<\/div>\n\t\t\t\t<\/div>\n\t\t\t\t<\/div>","protected":false},"excerpt":{"rendered":"<p>It&#8217;s Time to Know Us Celil G\u00f6de Born in Istanbul, Celil was raised as a licensed athlete at Fenerbah\u00e7e Sports [&hellip;]<\/p>\n","protected":false},"author":1,"featured_media":0,"parent":0,"menu_order":0,"comment_status":"closed","ping_status":"closed","template":"","meta":{"site-sidebar-layout":"no-sidebar","site-content-layout":"page-builder","ast-site-content-layout":"default","site-content-style":"default","site-sidebar-style":"default","ast-global-header-display":"","ast-banner-title-visibility":"","ast-main-header-display":"","ast-hfb-above-header-display":"","ast-hfb-below-header-display":"","ast-hfb-mobile-header-display":"","site-post-title":"disabled","ast-breadcrumbs-content":"","ast-featured-img":"disabled","footer-sml-layout":"","ast-disable-related-posts":"","theme-transparent-header-meta":"enabled","adv-header-id-meta":"","stick-header-meta":"","header-above-stick-meta":"","header-main-stick-meta":"","header-below-stick-meta":"","astra-migrate-meta-layouts":"default","ast-page-background-enabled":"default","ast-page-background-meta":{"desktop":{"background-color":"var(--ast-global-color-5)","background-image":"","background-repeat":"repeat","background-position":"center center","background-size":"auto","background-attachment":"scroll","background-type":"","background-media":"","overlay-type":"","overlay-color":"","overlay-opacity":"","overlay-gradient":""},"tablet":{"background-color":"","background-image":"","background-repeat":"repeat","background-position":"center center","background-size":"auto","background-attachment":"scroll","background-type":"","background-media":"","overlay-type":"","overlay-color":"","overlay-opacity":"","overlay-gradient":""},"mobile":{"background-color":"","background-image":"","background-repeat":"repeat","background-position":"center center","background-size":"auto","background-attachment":"scroll","background-type":"","background-media":"","overlay-type":"","overlay-color":"","overlay-opacity":"","overlay-gradient":""}},"ast-content-background-meta":{"desktop":{"background-color":"var(--ast-global-color-4)","background-image":"","background-repeat":"repeat","background-position":"center center","background-size":"auto","background-attachment":"scroll","background-type":"","background-media":"","overlay-type":"","overlay-color":"","overlay-opacity":"","overlay-gradient":""},"tablet":{"background-color":"var(--ast-global-color-4)","background-image":"","background-repeat":"repeat","background-position":"center center","background-size":"auto","background-attachment":"scroll","background-type":"","background-media":"","overlay-type":"","overlay-color":"","overlay-opacity":"","overlay-gradient":""},"mobile":{"background-color":"var(--ast-global-color-4)","background-image":"","background-repeat":"repeat","background-position":"center center","background-size":"auto","background-attachment":"scroll","background-type":"","background-media":"","overlay-type":"","overlay-color":"","overlay-opacity":"","overlay-gradient":""}},"footnotes":""},"class_list":["post-1711","page","type-page","status-publish","hentry"],"yoast_head":"<!-- This site is optimized with the Yoast SEO plugin v27.3 - https:\/\/yoast.com\/product\/yoast-seo-wordpress\/ -->\n<title>Meet the Team | Artists, Movers &amp; Dreamers of Elementalite<\/title>\n<meta name=\"description\" content=\"Meet the creators behind Elementalite\u2014artists, guides, and seekers walking a path shaped by movement, nature, and the wisdom of presence.\" \/>\n<meta name=\"robots\" content=\"index, follow, max-snippet:-1, max-image-preview:large, max-video-preview:-1\" \/>\n<link rel=\"canonical\" href=\"https:\/\/elementalite.me\/tr\/who_we_are\/\" \/>\n<meta property=\"og:locale\" content=\"tr_TR\" \/>\n<meta property=\"og:type\" content=\"article\" \/>\n<meta property=\"og:title\" content=\"Meet the Team | Artists, Movers &amp; Dreamers of Elementalite\" \/>\n<meta property=\"og:description\" content=\"Meet the creators behind Elementalite\u2014artists, guides, and seekers walking a path shaped by movement, nature, and the wisdom of presence.\" \/>\n<meta property=\"og:url\" content=\"https:\/\/elementalite.me\/tr\/who_we_are\/\" \/>\n<meta property=\"article:modified_time\" content=\"2026-02-28T10:55:12+00:00\" \/>\n<meta property=\"og:image\" content=\"https:\/\/elementalite.me\/wp-content\/uploads\/2025\/05\/ceren-foto-682x1024.jpg\" \/>\n<meta name=\"twitter:card\" content=\"summary_large_image\" \/>\n<meta name=\"twitter:label1\" content=\"Tahmini okuma s\u00fcresi\" \/>\n\t<meta name=\"twitter:data1\" content=\"6 dakika\" \/>\n<script type=\"application\/ld+json\" class=\"yoast-schema-graph\">{\"@context\":\"https:\\\/\\\/schema.org\",\"@graph\":[{\"@type\":\"WebPage\",\"@id\":\"https:\\\/\\\/elementalite.me\\\/who_we_are\\\/\",\"url\":\"https:\\\/\\\/elementalite.me\\\/who_we_are\\\/\",\"name\":\"Meet the Team | Artists, Movers & Dreamers of Elementalite\",\"isPartOf\":{\"@id\":\"https:\\\/\\\/elementalite.me\\\/#website\"},\"primaryImageOfPage\":{\"@id\":\"https:\\\/\\\/elementalite.me\\\/who_we_are\\\/#primaryimage\"},\"image\":{\"@id\":\"https:\\\/\\\/elementalite.me\\\/who_we_are\\\/#primaryimage\"},\"thumbnailUrl\":\"https:\\\/\\\/elementalite.me\\\/wp-content\\\/uploads\\\/2025\\\/05\\\/1748695027758-1024x768.jpg\",\"datePublished\":\"2025-04-17T18:00:46+00:00\",\"dateModified\":\"2026-02-28T10:55:12+00:00\",\"description\":\"Meet the creators behind Elementalite\u2014artists, guides, and seekers walking a path shaped by movement, nature, and the wisdom of presence.\",\"breadcrumb\":{\"@id\":\"https:\\\/\\\/elementalite.me\\\/who_we_are\\\/#breadcrumb\"},\"inLanguage\":\"tr\",\"potentialAction\":[{\"@type\":\"ReadAction\",\"target\":[\"https:\\\/\\\/elementalite.me\\\/who_we_are\\\/\"]}]},{\"@type\":\"ImageObject\",\"inLanguage\":\"tr\",\"@id\":\"https:\\\/\\\/elementalite.me\\\/who_we_are\\\/#primaryimage\",\"url\":\"https:\\\/\\\/elementalite.me\\\/wp-content\\\/uploads\\\/2025\\\/05\\\/1748695027758-1024x768.jpg\",\"contentUrl\":\"https:\\\/\\\/elementalite.me\\\/wp-content\\\/uploads\\\/2025\\\/05\\\/1748695027758-1024x768.jpg\"},{\"@type\":\"BreadcrumbList\",\"@id\":\"https:\\\/\\\/elementalite.me\\\/who_we_are\\\/#breadcrumb\",\"itemListElement\":[{\"@type\":\"ListItem\",\"position\":1,\"name\":\"Anasayfa\",\"item\":\"https:\\\/\\\/elementalite.me\\\/\"},{\"@type\":\"ListItem\",\"position\":2,\"name\":\"Who We Are\"}]},{\"@type\":\"WebSite\",\"@id\":\"https:\\\/\\\/elementalite.me\\\/#website\",\"url\":\"https:\\\/\\\/elementalite.me\\\/\",\"name\":\"Elementalite.me\",\"description\":\"Reconnect with the Elements, Rediscover Yourself\",\"publisher\":{\"@id\":\"https:\\\/\\\/elementalite.me\\\/#organization\"},\"potentialAction\":[{\"@type\":\"SearchAction\",\"target\":{\"@type\":\"EntryPoint\",\"urlTemplate\":\"https:\\\/\\\/elementalite.me\\\/?s={search_term_string}\"},\"query-input\":{\"@type\":\"PropertyValueSpecification\",\"valueRequired\":true,\"valueName\":\"search_term_string\"}}],\"inLanguage\":\"tr\"},{\"@type\":\"Organization\",\"@id\":\"https:\\\/\\\/elementalite.me\\\/#organization\",\"name\":\"Elementalite\",\"url\":\"https:\\\/\\\/elementalite.me\\\/\",\"logo\":{\"@type\":\"ImageObject\",\"inLanguage\":\"tr\",\"@id\":\"https:\\\/\\\/elementalite.me\\\/#\\\/schema\\\/logo\\\/image\\\/\",\"url\":\"https:\\\/\\\/elementalite.me\\\/wp-content\\\/uploads\\\/2025\\\/05\\\/logo512.jpg\",\"contentUrl\":\"https:\\\/\\\/elementalite.me\\\/wp-content\\\/uploads\\\/2025\\\/05\\\/logo512.jpg\",\"width\":512,\"height\":512,\"caption\":\"Elementalite\"},\"image\":{\"@id\":\"https:\\\/\\\/elementalite.me\\\/#\\\/schema\\\/logo\\\/image\\\/\"},\"sameAs\":[\"https:\\\/\\\/www.instagram.com\\\/elementalite.me?igsh=ZHcxMW1vMXZ0Z2Q0\"]}]}<\/script>\n<!-- \/ Yoast SEO plugin. -->","yoast_head_json":{"title":"Meet the Team | Artists, Movers & Dreamers of Elementalite","description":"Meet the creators behind Elementalite\u2014artists, guides, and seekers walking a path shaped by movement, nature, and the wisdom of presence.","robots":{"index":"index","follow":"follow","max-snippet":"max-snippet:-1","max-image-preview":"max-image-preview:large","max-video-preview":"max-video-preview:-1"},"canonical":"https:\/\/elementalite.me\/tr\/who_we_are\/","og_locale":"tr_TR","og_type":"article","og_title":"Meet the Team | Artists, Movers & Dreamers of Elementalite","og_description":"Meet the creators behind Elementalite\u2014artists, guides, and seekers walking a path shaped by movement, nature, and the wisdom of presence.","og_url":"https:\/\/elementalite.me\/tr\/who_we_are\/","article_modified_time":"2026-02-28T10:55:12+00:00","og_image":[{"url":"https:\/\/elementalite.me\/wp-content\/uploads\/2025\/05\/ceren-foto-682x1024.jpg","type":"","width":"","height":""}],"twitter_card":"summary_large_image","twitter_misc":{"Tahmini okuma s\u00fcresi":"6 dakika"},"schema":{"@context":"https:\/\/schema.org","@graph":[{"@type":"WebPage","@id":"https:\/\/elementalite.me\/who_we_are\/","url":"https:\/\/elementalite.me\/who_we_are\/","name":"Meet the Team | Artists, Movers & Dreamers of Elementalite","isPartOf":{"@id":"https:\/\/elementalite.me\/#website"},"primaryImageOfPage":{"@id":"https:\/\/elementalite.me\/who_we_are\/#primaryimage"},"image":{"@id":"https:\/\/elementalite.me\/who_we_are\/#primaryimage"},"thumbnailUrl":"https:\/\/elementalite.me\/wp-content\/uploads\/2025\/05\/1748695027758-1024x768.jpg","datePublished":"2025-04-17T18:00:46+00:00","dateModified":"2026-02-28T10:55:12+00:00","description":"Meet the creators behind Elementalite\u2014artists, guides, and seekers walking a path shaped by movement, nature, and the wisdom of presence.","breadcrumb":{"@id":"https:\/\/elementalite.me\/who_we_are\/#breadcrumb"},"inLanguage":"tr","potentialAction":[{"@type":"ReadAction","target":["https:\/\/elementalite.me\/who_we_are\/"]}]},{"@type":"ImageObject","inLanguage":"tr","@id":"https:\/\/elementalite.me\/who_we_are\/#primaryimage","url":"https:\/\/elementalite.me\/wp-content\/uploads\/2025\/05\/1748695027758-1024x768.jpg","contentUrl":"https:\/\/elementalite.me\/wp-content\/uploads\/2025\/05\/1748695027758-1024x768.jpg"},{"@type":"BreadcrumbList","@id":"https:\/\/elementalite.me\/who_we_are\/#breadcrumb","itemListElement":[{"@type":"ListItem","position":1,"name":"Anasayfa","item":"https:\/\/elementalite.me\/"},{"@type":"ListItem","position":2,"name":"Who We Are"}]},{"@type":"WebSite","@id":"https:\/\/elementalite.me\/#website","url":"https:\/\/elementalite.me\/","name":"Elementalite.me","description":"Reconnect with the Elements, Rediscover Yourself","publisher":{"@id":"https:\/\/elementalite.me\/#organization"},"potentialAction":[{"@type":"SearchAction","target":{"@type":"EntryPoint","urlTemplate":"https:\/\/elementalite.me\/?s={search_term_string}"},"query-input":{"@type":"PropertyValueSpecification","valueRequired":true,"valueName":"search_term_string"}}],"inLanguage":"tr"},{"@type":"Organization","@id":"https:\/\/elementalite.me\/#organization","name":"Elementalite","url":"https:\/\/elementalite.me\/","logo":{"@type":"ImageObject","inLanguage":"tr","@id":"https:\/\/elementalite.me\/#\/schema\/logo\/image\/","url":"https:\/\/elementalite.me\/wp-content\/uploads\/2025\/05\/logo512.jpg","contentUrl":"https:\/\/elementalite.me\/wp-content\/uploads\/2025\/05\/logo512.jpg","width":512,"height":512,"caption":"Elementalite"},"image":{"@id":"https:\/\/elementalite.me\/#\/schema\/logo\/image\/"},"sameAs":["https:\/\/www.instagram.com\/elementalite.me?igsh=ZHcxMW1vMXZ0Z2Q0"]}]}},"_links":{"self":[{"href":"https:\/\/elementalite.me\/tr\/wp-json\/wp\/v2\/pages\/1711","targetHints":{"allow":["GET"]}}],"collection":[{"href":"https:\/\/elementalite.me\/tr\/wp-json\/wp\/v2\/pages"}],"about":[{"href":"https:\/\/elementalite.me\/tr\/wp-json\/wp\/v2\/types\/page"}],"author":[{"embeddable":true,"href":"https:\/\/elementalite.me\/tr\/wp-json\/wp\/v2\/users\/1"}],"replies":[{"embeddable":true,"href":"https:\/\/elementalite.me\/tr\/wp-json\/wp\/v2\/comments?post=1711"}],"version-history":[{"count":16,"href":"https:\/\/elementalite.me\/tr\/wp-json\/wp\/v2\/pages\/1711\/revisions"}],"predecessor-version":[{"id":3723,"href":"https:\/\/elementalite.me\/tr\/wp-json\/wp\/v2\/pages\/1711\/revisions\/3723"}],"wp:attachment":[{"href":"https:\/\/elementalite.me\/tr\/wp-json\/wp\/v2\/media?parent=1711"}],"curies":[{"name":"wp","href":"https:\/\/api.w.org\/{rel}","templated":true}]}}