{"id":1320,"date":"2025-04-08T14:12:43","date_gmt":"2025-04-08T14:12:43","guid":{"rendered":"https:\/\/elementalite.me\/services\/"},"modified":"2025-12-26T14:48:40","modified_gmt":"2025-12-26T12:48:40","slug":"retreats","status":"publish","type":"page","link":"https:\/\/elementalite.me\/tr\/retreats\/","title":{"rendered":"Kamplar\u0131m\u0131z"},"content":{"rendered":"<div data-elementor-type=\"wp-page\" data-elementor-id=\"1320\" class=\"elementor elementor-1320\">\n\t\t\t\t<div class=\"elementor-element elementor-element-93263f3 e-flex e-con-boxed e-con e-parent\" data-id=\"93263f3\" data-element_type=\"container\" data-e-type=\"container\" data-settings=\"{&quot;background_background&quot;:&quot;classic&quot;}\">\n\t\t\t\t\t<div class=\"e-con-inner\">\n\t\t<div class=\"elementor-element elementor-element-6c32ff7 e-flex e-con-boxed e-con e-child\" data-id=\"6c32ff7\" data-element_type=\"container\" data-e-type=\"container\">\n\t\t\t\t\t<div class=\"e-con-inner\">\n\t\t\t\t\t<\/div>\n\t\t\t\t<\/div>\n\t\t\t\t\t<\/div>\n\t\t\t\t<\/div>\n\t\t<div class=\"elementor-element elementor-element-4cb475b e-flex e-con-boxed e-con e-parent\" data-id=\"4cb475b\" data-element_type=\"container\" data-e-type=\"container\">\n\t\t\t\t\t<div class=\"e-con-inner\">\n\t\t<div class=\"elementor-element elementor-element-50ea59a e-con-full e-flex e-con e-child\" data-id=\"50ea59a\" data-element_type=\"container\" data-e-type=\"container\">\n\t\t\t\t<div class=\"elementor-element elementor-element-a6693ba elementor-widget elementor-widget-heading\" data-id=\"a6693ba\" data-element_type=\"widget\" data-e-type=\"widget\" data-widget_type=\"heading.default\">\n\t\t\t\t<div class=\"elementor-widget-container\">\n\t\t\t\t\t<h2 class=\"elementor-heading-title elementor-size-default\">Elementalite \u0130nziva<\/h2>\t\t\t\t<\/div>\n\t\t\t\t<\/div>\n\t\t\t\t<div class=\"elementor-element elementor-element-8846692 elementor-widget elementor-widget-text-editor\" data-id=\"8846692\" data-element_type=\"widget\" data-e-type=\"widget\" data-widget_type=\"text-editor.default\">\n\t\t\t\t<div class=\"elementor-widget-container\">\n\t\t\t\t\t\t\t\t\t<p data-start=\"305\" data-end=\"395\" class=\"translation-block\">Elementalite, <b>beden fark\u0131ndal\u0131\u011f\u0131<\/b> ,  <b>oyun<\/b> ve <b>sanatsal deneyimler<\/b>  \u00fczerine kurulu bir inziva alan\u0131d\u0131r.<\/p><p data-start=\"397\" data-end=\"549\" class=\"translation-block\"><b>\u00d6\u011fretmeyi<\/b> , <b>d\u00fczeltmeyi<\/b>  ya da <b>bir sonuca ula\u015ft\u0131rmay\u0131<\/b>  hedeflemez;\n<b>payla\u015fmaya<\/b> , <b>deneyimlemeye<\/b>  ve zaten orada olan\u0131 <b>fark etmeye<\/b>  alan a\u00e7ar.<\/p>\t\t\t\t\t\t\t\t<\/div>\n\t\t\t\t<\/div>\n\t\t\t\t<div class=\"elementor-element elementor-element-4736b69 elementor-widget elementor-widget-heading\" data-id=\"4736b69\" data-element_type=\"widget\" data-e-type=\"widget\" data-widget_type=\"heading.default\">\n\t\t\t\t<div class=\"elementor-widget-container\">\n\t\t\t\t\t<h4 class=\"elementor-heading-title elementor-size-default\">Yap\u0131<\/h4>\t\t\t\t<\/div>\n\t\t\t\t<\/div>\n\t\t\t\t<div class=\"elementor-element elementor-element-aebe3cb elementor-widget elementor-widget-text-editor\" data-id=\"aebe3cb\" data-element_type=\"widget\" data-e-type=\"widget\" data-widget_type=\"text-editor.default\">\n\t\t\t\t<div class=\"elementor-widget-container\">\n\t\t\t\t\t\t\t\t\t<p class=\"translation-block\">Elementalite inziva, \u00fc\u00e7 ana deneyim alan\u0131 \u00fczerinden ilerler.\nBunlar keskin s\u0131n\u0131rlarla ayr\u0131lm\u0131\u015f mod\u00fcller de\u011fil,\ns\u00fcre\u00e7 boyunca birbirine temas ederek akan alanlard\u0131r.<\/p>\t\t\t\t\t\t\t\t<\/div>\n\t\t\t\t<\/div>\n\t\t\t\t<div class=\"elementor-element elementor-element-7bc1431 elementor-widget elementor-widget-image\" data-id=\"7bc1431\" data-element_type=\"widget\" data-e-type=\"widget\" data-widget_type=\"image.default\">\n\t\t\t\t<div class=\"elementor-widget-container\">\n\t\t\t\t\t\t\t\t\t\t\t\t\t\t\t<img fetchpriority=\"high\" decoding=\"async\" width=\"1427\" height=\"800\" src=\"https:\/\/elementalite.me\/wp-content\/uploads\/2025\/12\/puzzle.jpg\" class=\"attachment-full size-full wp-image-3702\" alt=\"\" srcset=\"https:\/\/elementalite.me\/wp-content\/uploads\/2025\/12\/puzzle.jpg 1427w, https:\/\/elementalite.me\/wp-content\/uploads\/2025\/12\/puzzle-300x168.jpg 300w, https:\/\/elementalite.me\/wp-content\/uploads\/2025\/12\/puzzle-1024x574.jpg 1024w, https:\/\/elementalite.me\/wp-content\/uploads\/2025\/12\/puzzle-768x431.jpg 768w, https:\/\/elementalite.me\/wp-content\/uploads\/2025\/12\/puzzle-18x10.jpg 18w\" sizes=\"(max-width: 1427px) 100vw, 1427px\" \/>\t\t\t\t\t\t\t\t\t\t\t\t\t\t\t<\/div>\n\t\t\t\t<\/div>\n\t\t\t\t<div class=\"elementor-element elementor-element-d431708 elementor-widget elementor-widget-heading\" data-id=\"d431708\" data-element_type=\"widget\" data-e-type=\"widget\" data-widget_type=\"heading.default\">\n\t\t\t\t<div class=\"elementor-widget-container\">\n\t\t\t\t\t<h6 class=\"elementor-heading-title elementor-size-default\">Beden ve Zihin Fark\u0131ndal\u0131\u011f\u0131<\/h6>\t\t\t\t<\/div>\n\t\t\t\t<\/div>\n\t\t\t\t<div class=\"elementor-element elementor-element-741f796 elementor-widget elementor-widget-text-editor\" data-id=\"741f796\" data-element_type=\"widget\" data-e-type=\"widget\" data-widget_type=\"text-editor.default\">\n\t\t\t\t<div class=\"elementor-widget-container\">\n\t\t\t\t\t\t\t\t\t<p class=\"translation-block\">Bedeni dinlemeye,\n<b>beden ile zihin<\/b>  aras\u0131ndaki ili\u015fkiyi fark etmeye\nve bu ili\u015fkiyle nazik\u00e7e temas kurmaya alan a\u00e7ar.<\/p>\t\t\t\t\t\t\t\t<\/div>\n\t\t\t\t<\/div>\n\t\t\t\t<div class=\"elementor-element elementor-element-ed11ccf elementor-widget elementor-widget-heading\" data-id=\"ed11ccf\" data-element_type=\"widget\" data-e-type=\"widget\" data-widget_type=\"heading.default\">\n\t\t\t\t<div class=\"elementor-widget-container\">\n\t\t\t\t\t<h6 class=\"elementor-heading-title elementor-size-default\">Oyun ve Birlikte Olma<\/h6>\t\t\t\t<\/div>\n\t\t\t\t<\/div>\n\t\t\t\t<div class=\"elementor-element elementor-element-c075315 elementor-widget elementor-widget-text-editor\" data-id=\"c075315\" data-element_type=\"widget\" data-e-type=\"widget\" data-widget_type=\"text-editor.default\">\n\t\t\t\t<div class=\"elementor-widget-container\">\n\t\t\t\t\t\t\t\t\t<p class=\"translation-block\"><b>Oyun<\/b> , ki\u015finin \u00f6nce kendisiyle,\nsonra ba\u015fkalar\u0131yla kurdu\u011fu ili\u015fkileri fark etmesi i\u00e7in bir ara\u00e7t\u0131r.\nPerformans i\u00e7in de\u011fil,\ng\u00f6rmek ve kar\u015f\u0131l\u0131k vermek i\u00e7in vard\u0131r.<\/p>\t\t\t\t\t\t\t\t<\/div>\n\t\t\t\t<\/div>\n\t\t\t\t<div class=\"elementor-element elementor-element-7b06635 elementor-widget elementor-widget-heading\" data-id=\"7b06635\" data-element_type=\"widget\" data-e-type=\"widget\" data-widget_type=\"heading.default\">\n\t\t\t\t<div class=\"elementor-widget-container\">\n\t\t\t\t\t<h6 class=\"elementor-heading-title elementor-size-default\">Sanat ve \u0130fade<\/h6>\t\t\t\t<\/div>\n\t\t\t\t<\/div>\n\t\t\t\t<div class=\"elementor-element elementor-element-9ae04ab elementor-widget elementor-widget-text-editor\" data-id=\"9ae04ab\" data-element_type=\"widget\" data-e-type=\"widget\" data-widget_type=\"text-editor.default\">\n\t\t\t\t<div class=\"elementor-widget-container\">\n\t\t\t\t\t\t\t\t\t<p class=\"translation-block\">Sanatsal yarat\u0131m\u0131 bir sonu\u00e7tan \u00e7ok bir s\u00fcre\u00e7 olarak ele al\u0131r.\nOrtaya bir \u015fey koymaktan ziyade,\n<b>yarat\u0131m\u0131n<\/b>  kendisinin sessizce \u00e7al\u0131\u015fmas\u0131na izin verir.<\/p>\t\t\t\t\t\t\t\t<\/div>\n\t\t\t\t<\/div>\n\t\t\t\t<div class=\"elementor-element elementor-element-70bf507 elementor-widget elementor-widget-heading\" data-id=\"70bf507\" data-element_type=\"widget\" data-e-type=\"widget\" data-widget_type=\"heading.default\">\n\t\t\t\t<div class=\"elementor-widget-container\">\n\t\t\t\t\t<h4 class=\"elementor-heading-title elementor-size-default\">Elementler Ne Yap\u0131yor?<\/h4>\t\t\t\t<\/div>\n\t\t\t\t<\/div>\n\t\t\t\t<div class=\"elementor-element elementor-element-c9046ea elementor-widget elementor-widget-text-editor\" data-id=\"c9046ea\" data-element_type=\"widget\" data-e-type=\"widget\" data-widget_type=\"text-editor.default\">\n\t\t\t\t<div class=\"elementor-widget-container\">\n\t\t\t\t\t\t\t\t\t<p data-start=\"1352\" data-end=\"1474\" class=\"translation-block\">Ate\u015f, toprak, hava ve su;\nbir sistem ya da \u00f6\u011freti olarak de\u011fil,\ndeneyimi ta\u015f\u0131yan bir dil olarak kullan\u0131l\u0131r.<\/p><p data-start=\"1476\" data-end=\"1572\" class=\"translation-block\"><b>Bazen bir a\u011f\u0131rl\u0131k hissi,\nbazen bir h\u0131zlanma,\nbazen da\u011f\u0131lma ya da durulma\u2026<\/b><\/p><p data-start=\"1574\" data-end=\"1643\" class=\"translation-block\">Elementler a\u00e7\u0131klanmaz;\nortaya \u00e7\u0131kt\u0131klar\u0131 yerde fark edilir.<\/p>\t\t\t\t\t\t\t\t<\/div>\n\t\t\t\t<\/div>\n\t\t\t\t<div class=\"elementor-element elementor-element-3147f22 elementor-widget elementor-widget-image\" data-id=\"3147f22\" data-element_type=\"widget\" data-e-type=\"widget\" data-widget_type=\"image.default\">\n\t\t\t\t<div class=\"elementor-widget-container\">\n\t\t\t\t\t\t\t\t\t\t\t\t\t\t\t<img decoding=\"async\" width=\"684\" height=\"1024\" src=\"https:\/\/elementalite.me\/wp-content\/uploads\/2025\/12\/sanat-684x1024.jpg\" class=\"attachment-large size-large wp-image-3703\" alt=\"\" srcset=\"https:\/\/elementalite.me\/wp-content\/uploads\/2025\/12\/sanat-684x1024.jpg 684w, https:\/\/elementalite.me\/wp-content\/uploads\/2025\/12\/sanat-200x300.jpg 200w, https:\/\/elementalite.me\/wp-content\/uploads\/2025\/12\/sanat-768x1150.jpg 768w, https:\/\/elementalite.me\/wp-content\/uploads\/2025\/12\/sanat-8x12.jpg 8w, https:\/\/elementalite.me\/wp-content\/uploads\/2025\/12\/sanat.jpg 800w\" sizes=\"(max-width: 684px) 100vw, 684px\" \/>\t\t\t\t\t\t\t\t\t\t\t\t\t\t\t<\/div>\n\t\t\t\t<\/div>\n\t\t\t\t<div class=\"elementor-element elementor-element-755a1d6 elementor-widget elementor-widget-heading\" data-id=\"755a1d6\" data-element_type=\"widget\" data-e-type=\"widget\" data-widget_type=\"heading.default\">\n\t\t\t\t<div class=\"elementor-widget-container\">\n\t\t\t\t\t<h4 class=\"elementor-heading-title elementor-size-default\">S\u00fcre ve Ak\u0131\u015f<\/h4>\t\t\t\t<\/div>\n\t\t\t\t<\/div>\n\t\t\t\t<div class=\"elementor-element elementor-element-c5439a5 elementor-widget elementor-widget-text-editor\" data-id=\"c5439a5\" data-element_type=\"widget\" data-e-type=\"widget\" data-widget_type=\"text-editor.default\">\n\t\t\t\t<div class=\"elementor-widget-container\">\n\t\t\t\t\t\t\t\t\t<p data-start=\"1672\" data-end=\"1731\">Elementalite, \u00e7ok g\u00fcnl\u00fck bir inziva deneyimi olarak tasarlanm\u0131\u015ft\u0131r.<\/p><p data-start=\"1672\" data-end=\"1731\">Her g\u00fcn;<\/p><ul data-start=\"1759\" data-end=\"1821\"><li data-start=\"1759\" data-end=\"1779\"><p data-start=\"1761\" data-end=\"1779\">birlikte yap\u0131lan \u00e7al\u0131\u015fmalar<\/p><\/li><li data-start=\"1780\" data-end=\"1800\"><p data-start=\"1782\" data-end=\"1800\">bireysel alanlar<\/p><\/li><li data-start=\"1801\" data-end=\"1821\"><p data-start=\"1803\" data-end=\"1821\">dinlenme ve sessizlik<\/p><\/li><\/ul><p data-start=\"1823\" data-end=\"1920\" class=\"translation-block\">Program, <b>kat\u0131l\u0131mc\u0131lar\u0131n ritmi<\/b>ne g\u00f6re nefes al\u0131p verir.<\/p>\t\t\t\t\t\t\t\t<\/div>\n\t\t\t\t<\/div>\n\t\t\t\t<div class=\"elementor-element elementor-element-f54da5e elementor-widget elementor-widget-heading\" data-id=\"f54da5e\" data-element_type=\"widget\" data-e-type=\"widget\" data-widget_type=\"heading.default\">\n\t\t\t\t<div class=\"elementor-widget-container\">\n\t\t\t\t\t<h4 class=\"elementor-heading-title elementor-size-default\">Kimler Kendini Burada Rahat Hisseder?<\/h4>\t\t\t\t<\/div>\n\t\t\t\t<\/div>\n\t\t\t\t<div class=\"elementor-element elementor-element-74bb663 elementor-widget elementor-widget-text-editor\" data-id=\"74bb663\" data-element_type=\"widget\" data-e-type=\"widget\" data-widget_type=\"text-editor.default\">\n\t\t\t\t<div class=\"elementor-widget-container\">\n\t\t\t\t\t\t\t\t\t<ul><li data-start=\"1958\" data-end=\"2007\"><p data-start=\"1960\" data-end=\"2007\" class=\"translation-block\"><b>Bedeniyle yeniden temas kurmak<\/b>  isteyenler<\/p><\/li><li data-start=\"2008\" data-end=\"2076\"><p data-start=\"2010\" data-end=\"2076\" class=\"translation-block\"><b>\u201cDo\u011fru yap\u0131yor muyum?\u201d<\/b>  sorusunu bir s\u00fcreli\u011fine kenara b\u0131rakabilenler<\/p><\/li><li data-start=\"2077\" data-end=\"2140\"><p data-start=\"2079\" data-end=\"2140\" class=\"translation-block\"><b>Grup i\u00e7inde<\/b>  ama bir rol \u00fcstlenmeden var olmak isteyenler<\/p><\/li><li data-start=\"2141\" data-end=\"2194\"><p data-start=\"2143\" data-end=\"2194\" class=\"translation-block\">Deneyimi a\u00e7\u0131klamaktan \u00e7ok <b>ya\u015famaya<\/b>  a\u00e7\u0131k olanlar<\/p><\/li><\/ul>\t\t\t\t\t\t\t\t<\/div>\n\t\t\t\t<\/div>\n\t\t\t\t<div class=\"elementor-element elementor-element-74b53a8 elementor-widget elementor-widget-heading\" data-id=\"74b53a8\" data-element_type=\"widget\" data-e-type=\"widget\" data-widget_type=\"heading.default\">\n\t\t\t\t<div class=\"elementor-widget-container\">\n\t\t\t\t\t<h4 class=\"elementor-heading-title elementor-size-default\">Birlikte<\/h4>\t\t\t\t<\/div>\n\t\t\t\t<\/div>\n\t\t\t\t<div class=\"elementor-element elementor-element-0f46820 elementor-widget elementor-widget-text-editor\" data-id=\"0f46820\" data-element_type=\"widget\" data-e-type=\"widget\" data-widget_type=\"text-editor.default\">\n\t\t\t\t<div class=\"elementor-widget-container\">\n\t\t\t\t\t\t\t\t\t<p data-start=\"2213\" data-end=\"2282\" class=\"translation-block\">Elementalite \u0130nziva,\n<b>daha iyi bir versiyonuna<\/b>  d\u00f6n\u00fc\u015fmeni istemez.<\/p><p data-start=\"2284\" data-end=\"2366\" class=\"translation-block\">Sadece,\nzaten orada olanla\nbiraz daha temas etmene <b>alan<\/b> a\u00e7ar.<\/p><p data-start=\"2368\" data-end=\"2432\"><b>Detaylar, tarihler ve ba\u015fvuru s\u00fcreci<\/b>  yak\u0131nda payla\u015f\u0131lacakt\u0131r.<\/p><p data-start=\"2434\" data-end=\"2501\" class=\"translation-block\">Daha fazla bilgi almak i\u00e7in <b>bizimle ileti\u015fime ge\u00e7mekten \u00e7ekinmeyin.<\/b><\/p>\t\t\t\t\t\t\t\t<\/div>\n\t\t\t\t<\/div>\n\t\t\t\t<\/div>\n\t\t\t\t\t<\/div>\n\t\t\t\t<\/div>\n\t\t\t\t<\/div>","protected":false},"excerpt":{"rendered":"<p>Elementalite Retreat Elementalite is a retreat space grounded in body awareness, play, and artistic experience. Rather than aiming to teach, [&hellip;]<\/p>\n","protected":false},"author":1,"featured_media":0,"parent":0,"menu_order":0,"comment_status":"closed","ping_status":"closed","template":"","meta":{"site-sidebar-layout":"no-sidebar","site-content-layout":"page-builder","ast-site-content-layout":"default","site-content-style":"default","site-sidebar-style":"default","ast-global-header-display":"","ast-banner-title-visibility":"","ast-main-header-display":"","ast-hfb-above-header-display":"","ast-hfb-below-header-display":"","ast-hfb-mobile-header-display":"","site-post-title":"disabled","ast-breadcrumbs-content":"","ast-featured-img":"disabled","footer-sml-layout":"","ast-disable-related-posts":"","theme-transparent-header-meta":"enabled","adv-header-id-meta":"","stick-header-meta":"","header-above-stick-meta":"","header-main-stick-meta":"","header-below-stick-meta":"","astra-migrate-meta-layouts":"default","ast-page-background-enabled":"default","ast-page-background-meta":{"desktop":{"background-color":"var(--ast-global-color-5)","background-image":"","background-repeat":"repeat","background-position":"center center","background-size":"auto","background-attachment":"scroll","background-type":"","background-media":"","overlay-type":"","overlay-color":"","overlay-opacity":"","overlay-gradient":""},"tablet":{"background-color":"","background-image":"","background-repeat":"repeat","background-position":"center center","background-size":"auto","background-attachment":"scroll","background-type":"","background-media":"","overlay-type":"","overlay-color":"","overlay-opacity":"","overlay-gradient":""},"mobile":{"background-color":"","background-image":"","background-repeat":"repeat","background-position":"center center","background-size":"auto","background-attachment":"scroll","background-type":"","background-media":"","overlay-type":"","overlay-color":"","overlay-opacity":"","overlay-gradient":""}},"ast-content-background-meta":{"desktop":{"background-color":"var(--ast-global-color-4)","background-image":"","background-repeat":"repeat","background-position":"center center","background-size":"auto","background-attachment":"scroll","background-type":"","background-media":"","overlay-type":"","overlay-color":"","overlay-opacity":"","overlay-gradient":""},"tablet":{"background-color":"var(--ast-global-color-4)","background-image":"","background-repeat":"repeat","background-position":"center center","background-size":"auto","background-attachment":"scroll","background-type":"","background-media":"","overlay-type":"","overlay-color":"","overlay-opacity":"","overlay-gradient":""},"mobile":{"background-color":"var(--ast-global-color-4)","background-image":"","background-repeat":"repeat","background-position":"center center","background-size":"auto","background-attachment":"scroll","background-type":"","background-media":"","overlay-type":"","overlay-color":"","overlay-opacity":"","overlay-gradient":""}},"footnotes":""},"class_list":["post-1320","page","type-page","status-publish","hentry"],"yoast_head":"<!-- This site is optimized with the Yoast SEO plugin v27.3 - https:\/\/yoast.com\/product\/yoast-seo-wordpress\/ -->\n<title>Retreats That Restore | Movement, Nature &amp; Ritual Practices<\/title>\n<meta name=\"description\" content=\"Join immersive retreats where the elements guide you back to your body, creativity, and nature\u2014designed for rest, renewal, and transformation.\" \/>\n<meta name=\"robots\" content=\"index, follow, max-snippet:-1, max-image-preview:large, max-video-preview:-1\" \/>\n<link rel=\"canonical\" href=\"https:\/\/elementalite.me\/tr\/retreats\/\" \/>\n<meta property=\"og:locale\" content=\"tr_TR\" \/>\n<meta property=\"og:type\" content=\"article\" \/>\n<meta property=\"og:title\" content=\"Retreats That Restore | Movement, Nature &amp; Ritual Practices\" \/>\n<meta property=\"og:description\" content=\"Join immersive retreats where the elements guide you back to your body, creativity, and nature\u2014designed for rest, renewal, and transformation.\" \/>\n<meta property=\"og:url\" content=\"https:\/\/elementalite.me\/tr\/retreats\/\" \/>\n<meta property=\"article:modified_time\" content=\"2025-12-26T12:48:40+00:00\" \/>\n<meta property=\"og:image\" content=\"https:\/\/elementalite.me\/wp-content\/uploads\/2025\/12\/puzzle.jpg\" \/>\n\t<meta property=\"og:image:width\" content=\"1427\" \/>\n\t<meta property=\"og:image:height\" content=\"800\" \/>\n\t<meta property=\"og:image:type\" content=\"image\/jpeg\" \/>\n<meta name=\"twitter:card\" content=\"summary_large_image\" \/>\n<meta name=\"twitter:label1\" content=\"Tahmini okuma s\u00fcresi\" \/>\n\t<meta name=\"twitter:data1\" content=\"3 dakika\" \/>\n<script type=\"application\/ld+json\" class=\"yoast-schema-graph\">{\"@context\":\"https:\\\/\\\/schema.org\",\"@graph\":[{\"@type\":\"WebPage\",\"@id\":\"https:\\\/\\\/elementalite.me\\\/retreats\\\/\",\"url\":\"https:\\\/\\\/elementalite.me\\\/retreats\\\/\",\"name\":\"Retreats That Restore | Movement, Nature & Ritual Practices\",\"isPartOf\":{\"@id\":\"https:\\\/\\\/elementalite.me\\\/#website\"},\"primaryImageOfPage\":{\"@id\":\"https:\\\/\\\/elementalite.me\\\/retreats\\\/#primaryimage\"},\"image\":{\"@id\":\"https:\\\/\\\/elementalite.me\\\/retreats\\\/#primaryimage\"},\"thumbnailUrl\":\"https:\\\/\\\/elementalite.me\\\/wp-content\\\/uploads\\\/2025\\\/12\\\/puzzle.jpg\",\"datePublished\":\"2025-04-08T14:12:43+00:00\",\"dateModified\":\"2025-12-26T12:48:40+00:00\",\"description\":\"Join immersive retreats where the elements guide you back to your body, creativity, and nature\u2014designed for rest, renewal, and transformation.\",\"breadcrumb\":{\"@id\":\"https:\\\/\\\/elementalite.me\\\/retreats\\\/#breadcrumb\"},\"inLanguage\":\"tr\",\"potentialAction\":[{\"@type\":\"ReadAction\",\"target\":[\"https:\\\/\\\/elementalite.me\\\/retreats\\\/\"]}]},{\"@type\":\"ImageObject\",\"inLanguage\":\"tr\",\"@id\":\"https:\\\/\\\/elementalite.me\\\/retreats\\\/#primaryimage\",\"url\":\"https:\\\/\\\/elementalite.me\\\/wp-content\\\/uploads\\\/2025\\\/12\\\/puzzle.jpg\",\"contentUrl\":\"https:\\\/\\\/elementalite.me\\\/wp-content\\\/uploads\\\/2025\\\/12\\\/puzzle.jpg\"},{\"@type\":\"BreadcrumbList\",\"@id\":\"https:\\\/\\\/elementalite.me\\\/retreats\\\/#breadcrumb\",\"itemListElement\":[{\"@type\":\"ListItem\",\"position\":1,\"name\":\"Anasayfa\",\"item\":\"https:\\\/\\\/elementalite.me\\\/\"},{\"@type\":\"ListItem\",\"position\":2,\"name\":\"Retreats\"}]},{\"@type\":\"WebSite\",\"@id\":\"https:\\\/\\\/elementalite.me\\\/#website\",\"url\":\"https:\\\/\\\/elementalite.me\\\/\",\"name\":\"Elementalite.me\",\"description\":\"Reconnect with the Elements, Rediscover Yourself\",\"publisher\":{\"@id\":\"https:\\\/\\\/elementalite.me\\\/#organization\"},\"potentialAction\":[{\"@type\":\"SearchAction\",\"target\":{\"@type\":\"EntryPoint\",\"urlTemplate\":\"https:\\\/\\\/elementalite.me\\\/?s={search_term_string}\"},\"query-input\":{\"@type\":\"PropertyValueSpecification\",\"valueRequired\":true,\"valueName\":\"search_term_string\"}}],\"inLanguage\":\"tr\"},{\"@type\":\"Organization\",\"@id\":\"https:\\\/\\\/elementalite.me\\\/#organization\",\"name\":\"Elementalite\",\"url\":\"https:\\\/\\\/elementalite.me\\\/\",\"logo\":{\"@type\":\"ImageObject\",\"inLanguage\":\"tr\",\"@id\":\"https:\\\/\\\/elementalite.me\\\/#\\\/schema\\\/logo\\\/image\\\/\",\"url\":\"https:\\\/\\\/elementalite.me\\\/wp-content\\\/uploads\\\/2025\\\/05\\\/logo512.jpg\",\"contentUrl\":\"https:\\\/\\\/elementalite.me\\\/wp-content\\\/uploads\\\/2025\\\/05\\\/logo512.jpg\",\"width\":512,\"height\":512,\"caption\":\"Elementalite\"},\"image\":{\"@id\":\"https:\\\/\\\/elementalite.me\\\/#\\\/schema\\\/logo\\\/image\\\/\"},\"sameAs\":[\"https:\\\/\\\/www.instagram.com\\\/elementalite.me?igsh=ZHcxMW1vMXZ0Z2Q0\"]}]}<\/script>\n<!-- \/ Yoast SEO plugin. -->","yoast_head_json":{"title":"Retreats That Restore | Movement, Nature & Ritual Practices","description":"Join immersive retreats where the elements guide you back to your body, creativity, and nature\u2014designed for rest, renewal, and transformation.","robots":{"index":"index","follow":"follow","max-snippet":"max-snippet:-1","max-image-preview":"max-image-preview:large","max-video-preview":"max-video-preview:-1"},"canonical":"https:\/\/elementalite.me\/tr\/retreats\/","og_locale":"tr_TR","og_type":"article","og_title":"Retreats That Restore | Movement, Nature & Ritual Practices","og_description":"Join immersive retreats where the elements guide you back to your body, creativity, and nature\u2014designed for rest, renewal, and transformation.","og_url":"https:\/\/elementalite.me\/tr\/retreats\/","article_modified_time":"2025-12-26T12:48:40+00:00","og_image":[{"width":1427,"height":800,"url":"https:\/\/elementalite.me\/wp-content\/uploads\/2025\/12\/puzzle.jpg","type":"image\/jpeg"}],"twitter_card":"summary_large_image","twitter_misc":{"Tahmini okuma s\u00fcresi":"3 dakika"},"schema":{"@context":"https:\/\/schema.org","@graph":[{"@type":"WebPage","@id":"https:\/\/elementalite.me\/retreats\/","url":"https:\/\/elementalite.me\/retreats\/","name":"Retreats That Restore | Movement, Nature & Ritual Practices","isPartOf":{"@id":"https:\/\/elementalite.me\/#website"},"primaryImageOfPage":{"@id":"https:\/\/elementalite.me\/retreats\/#primaryimage"},"image":{"@id":"https:\/\/elementalite.me\/retreats\/#primaryimage"},"thumbnailUrl":"https:\/\/elementalite.me\/wp-content\/uploads\/2025\/12\/puzzle.jpg","datePublished":"2025-04-08T14:12:43+00:00","dateModified":"2025-12-26T12:48:40+00:00","description":"Join immersive retreats where the elements guide you back to your body, creativity, and nature\u2014designed for rest, renewal, and transformation.","breadcrumb":{"@id":"https:\/\/elementalite.me\/retreats\/#breadcrumb"},"inLanguage":"tr","potentialAction":[{"@type":"ReadAction","target":["https:\/\/elementalite.me\/retreats\/"]}]},{"@type":"ImageObject","inLanguage":"tr","@id":"https:\/\/elementalite.me\/retreats\/#primaryimage","url":"https:\/\/elementalite.me\/wp-content\/uploads\/2025\/12\/puzzle.jpg","contentUrl":"https:\/\/elementalite.me\/wp-content\/uploads\/2025\/12\/puzzle.jpg"},{"@type":"BreadcrumbList","@id":"https:\/\/elementalite.me\/retreats\/#breadcrumb","itemListElement":[{"@type":"ListItem","position":1,"name":"Anasayfa","item":"https:\/\/elementalite.me\/"},{"@type":"ListItem","position":2,"name":"Retreats"}]},{"@type":"WebSite","@id":"https:\/\/elementalite.me\/#website","url":"https:\/\/elementalite.me\/","name":"Elementalite.me","description":"Reconnect with the Elements, Rediscover Yourself","publisher":{"@id":"https:\/\/elementalite.me\/#organization"},"potentialAction":[{"@type":"SearchAction","target":{"@type":"EntryPoint","urlTemplate":"https:\/\/elementalite.me\/?s={search_term_string}"},"query-input":{"@type":"PropertyValueSpecification","valueRequired":true,"valueName":"search_term_string"}}],"inLanguage":"tr"},{"@type":"Organization","@id":"https:\/\/elementalite.me\/#organization","name":"Elementalite","url":"https:\/\/elementalite.me\/","logo":{"@type":"ImageObject","inLanguage":"tr","@id":"https:\/\/elementalite.me\/#\/schema\/logo\/image\/","url":"https:\/\/elementalite.me\/wp-content\/uploads\/2025\/05\/logo512.jpg","contentUrl":"https:\/\/elementalite.me\/wp-content\/uploads\/2025\/05\/logo512.jpg","width":512,"height":512,"caption":"Elementalite"},"image":{"@id":"https:\/\/elementalite.me\/#\/schema\/logo\/image\/"},"sameAs":["https:\/\/www.instagram.com\/elementalite.me?igsh=ZHcxMW1vMXZ0Z2Q0"]}]}},"_links":{"self":[{"href":"https:\/\/elementalite.me\/tr\/wp-json\/wp\/v2\/pages\/1320","targetHints":{"allow":["GET"]}}],"collection":[{"href":"https:\/\/elementalite.me\/tr\/wp-json\/wp\/v2\/pages"}],"about":[{"href":"https:\/\/elementalite.me\/tr\/wp-json\/wp\/v2\/types\/page"}],"author":[{"embeddable":true,"href":"https:\/\/elementalite.me\/tr\/wp-json\/wp\/v2\/users\/1"}],"replies":[{"embeddable":true,"href":"https:\/\/elementalite.me\/tr\/wp-json\/wp\/v2\/comments?post=1320"}],"version-history":[{"count":37,"href":"https:\/\/elementalite.me\/tr\/wp-json\/wp\/v2\/pages\/1320\/revisions"}],"predecessor-version":[{"id":3718,"href":"https:\/\/elementalite.me\/tr\/wp-json\/wp\/v2\/pages\/1320\/revisions\/3718"}],"wp:attachment":[{"href":"https:\/\/elementalite.me\/tr\/wp-json\/wp\/v2\/media?parent=1320"}],"curies":[{"name":"wp","href":"https:\/\/api.w.org\/{rel}","templated":true}]}}