{"id":1319,"date":"2025-04-08T14:12:43","date_gmt":"2025-04-08T14:12:43","guid":{"rendered":"https:\/\/elementalite.me\/about\/"},"modified":"2026-03-19T13:18:46","modified_gmt":"2026-03-19T11:18:46","slug":"our_philosophy","status":"publish","type":"page","link":"https:\/\/elementalite.me\/tr\/our_philosophy\/","title":{"rendered":"Felsefemiz"},"content":{"rendered":"<div data-elementor-type=\"wp-page\" data-elementor-id=\"1319\" class=\"elementor elementor-1319\">\n\t\t\t\t<div class=\"elementor-element elementor-element-bd0be5b e-con-full e-flex e-con e-parent\" data-id=\"bd0be5b\" data-element_type=\"container\" data-e-type=\"container\">\n\t\t\t\t<div class=\"elementor-element elementor-element-37f75db elementor-widget elementor-widget-spacer\" data-id=\"37f75db\" data-element_type=\"widget\" data-e-type=\"widget\" data-widget_type=\"spacer.default\">\n\t\t\t\t<div class=\"elementor-widget-container\">\n\t\t\t\t\t\t\t<div class=\"elementor-spacer\">\n\t\t\t<div class=\"elementor-spacer-inner\"><\/div>\n\t\t<\/div>\n\t\t\t\t\t\t<\/div>\n\t\t\t\t<\/div>\n\t\t\t\t<div class=\"elementor-element elementor-element-6f8e248 elementor-widget elementor-widget-text-editor\" data-id=\"6f8e248\" data-element_type=\"widget\" data-e-type=\"widget\" data-widget_type=\"text-editor.default\">\n\t\t\t\t<div class=\"elementor-widget-container\">\n\t\t\t\t\t\t\t\t\t<p>\u00a0<\/p><p><b>Humans<\/b><span style=\"font-weight: 400;\">, throughout the ages, have developed countless systems of thought and belief\u00a0<\/span><span style=\"font-size: 16px; font-weight: 400;\">say\u0131s\u0131z d\u00fc\u015f\u00fcnce ve inan\u00e7 sistemleri geli\u015ftirdiler.<\/span><\/p><p class=\"translation-block\">Bu sistemleri geli\u015ftirirken kimi zaman do\u011fay\u0131, kimi zaman bilimi, kimi zamansa duygular\u0131n\u0131 k\u0131lavuz edindiler.<\/p><p><span style=\"font-weight: 400;\">Bu kurumlar bazen insanlar\u0131n kendilerini ve \u00e7evrelerini anlamalar\u0131na, sa\u011fl\u0131kl\u0131 kalmalar\u0131na, iyi ili\u015fkiler kurmalar\u0131na arac\u0131l\u0131k etti.<\/span><\/p><p><span style=\"font-weight: 400;\">Ama ne zaman ki bu yap\u0131lar dogmatikle\u015fti, i\u015flevlerini yitirip tahakk\u00fcm\u00fcn ara\u00e7lar\u0131na d\u00f6n\u00fc\u015ft\u00fcler.<\/span><\/p><p class=\"translation-block\">Mesele, <b>dengeyi<\/b> bulabilmekte.\n\n Yararl\u0131 olan\u0131 almak, zarar vereni d\u0131\u015far\u0131da b\u0131rakabilmekte.<\/p>\t\t\t\t\t\t\t\t<\/div>\n\t\t\t\t<\/div>\n\t\t\t\t<div class=\"elementor-element elementor-element-33fdbd5 elementor-widget elementor-widget-text-editor\" data-id=\"33fdbd5\" data-element_type=\"widget\" data-e-type=\"widget\" data-widget_type=\"text-editor.default\">\n\t\t\t\t<div class=\"elementor-widget-container\">\n\t\t\t\t\t\t\t\t\t<p><i><span style=\"font-weight: 400;\">&#8220;The venom in a serpent\u2019s mouth is water to the serpent, poison to you.&#8221;<\/span><\/i><\/p>\t\t\t\t\t\t\t\t<\/div>\n\t\t\t\t<\/div>\n\t\t\t\t<\/div>\n\t\t<div class=\"elementor-element elementor-element-298e066 e-flex e-con-boxed e-con e-parent\" data-id=\"298e066\" data-element_type=\"container\" data-e-type=\"container\">\n\t\t\t\t\t<div class=\"e-con-inner\">\n\t\t<div class=\"elementor-element elementor-element-895cce7 e-con-full e-flex e-con e-child\" data-id=\"895cce7\" data-element_type=\"container\" data-e-type=\"container\">\n\t\t<div class=\"elementor-element elementor-element-78d56bb e-flex e-con-boxed e-con e-child\" data-id=\"78d56bb\" data-element_type=\"container\" data-e-type=\"container\">\n\t\t\t\t\t<div class=\"e-con-inner\">\n\t\t<div class=\"elementor-element elementor-element-4246d16 e-con-full e-flex e-con e-child\" data-id=\"4246d16\" data-element_type=\"container\" data-e-type=\"container\">\n\t\t\t\t<div class=\"elementor-element elementor-element-fca8a18 elementor-widget elementor-widget-heading\" data-id=\"fca8a18\" data-element_type=\"widget\" data-e-type=\"widget\" data-widget_type=\"heading.default\">\n\t\t\t\t<div class=\"elementor-widget-container\">\n\t\t\t\t\t<h3 class=\"elementor-heading-title elementor-size-default\">Mesele, \u015fekle odaklan\u0131rken i\u00e7eri\u011fi kaybetmemekte; as\u0131l niyete yabanc\u0131la\u015fmamaktad\u0131r.<\/h3>\t\t\t\t<\/div>\n\t\t\t\t<\/div>\n\t\t\t\t<div class=\"elementor-element elementor-element-3770591 elementor-widget elementor-widget-text-editor\" data-id=\"3770591\" data-element_type=\"widget\" data-e-type=\"widget\" data-widget_type=\"text-editor.default\">\n\t\t\t\t<div class=\"elementor-widget-container\">\n\t\t\t\t\t\t\t\t\t<p class=\"translation-block\">Biz, Elementalite ekibi olarak hi\u00e7bir zaman bir fikir birli\u011fine ula\u015fmaya \u00e7al\u0131\u015fmad\u0131k.<\/p><p class=\"translation-block\">\u00c7\u00fcnk\u00fc biliyoruz ki bizi geli\u015ftirecek olan \u015fey, <b>\u00e7eli\u015fkilerimizdir.<\/b><\/p><p><span style=\"font-weight: 400;\">Temel niyetler konusunda anla\u015ft\u0131ktan sonra, herkesin cebindekini \u2014 fikirlerini, deneyimlerini, y\u00f6ntemlerini \u2014 ortaya koymas\u0131na alan a\u00e7t\u0131k.<\/span><\/p><p class=\"translation-block\">\u0130kna etmeyi ve hakl\u0131 olmay\u0131 bir kenara b\u0131rak\u0131p, beraber geli\u015fmeyi ve anla\u015fmay\u0131 \u00f6n plana ald\u0131k.<\/p>\t\t\t\t\t\t\t\t<\/div>\n\t\t\t\t<\/div>\n\t\t\t\t<\/div>\n\t\t\t\t\t<\/div>\n\t\t\t\t<\/div>\n\t\t\t\t<\/div>\n\t\t\t\t\t<\/div>\n\t\t\t\t<\/div>\n\t\t<div class=\"elementor-element elementor-element-39ee9f2 e-flex e-con-boxed e-con e-parent\" data-id=\"39ee9f2\" data-element_type=\"container\" data-e-type=\"container\">\n\t\t\t\t\t<div class=\"e-con-inner\">\n\t\t<div class=\"elementor-element elementor-element-8e5407c e-con-full e-flex e-con e-child\" data-id=\"8e5407c\" data-element_type=\"container\" data-e-type=\"container\">\n\t\t<div class=\"elementor-element elementor-element-0d18957 e-flex e-con-boxed e-con e-child\" data-id=\"0d18957\" data-element_type=\"container\" data-e-type=\"container\">\n\t\t\t\t\t<div class=\"e-con-inner\">\n\t\t<div class=\"elementor-element elementor-element-4476c7d e-flex e-con-boxed e-con e-child\" data-id=\"4476c7d\" data-element_type=\"container\" data-e-type=\"container\">\n\t\t\t\t\t<div class=\"e-con-inner\">\n\t\t\t\t<div class=\"elementor-element elementor-element-e26d889 elementor-widget elementor-widget-heading\" data-id=\"e26d889\" data-element_type=\"widget\" data-e-type=\"widget\" data-widget_type=\"heading.default\">\n\t\t\t\t<div class=\"elementor-widget-container\">\n\t\t\t\t\t<h3 class=\"elementor-heading-title elementor-size-default\">Peki nas\u0131l bir y\u00f6ntem benimsedik? \u0130\u015fte \u015f\u00f6yle:\n<\/h3>\t\t\t\t<\/div>\n\t\t\t\t<\/div>\n\t\t\t\t<div class=\"elementor-element elementor-element-d57d20e elementor-widget elementor-widget-text-editor\" data-id=\"d57d20e\" data-element_type=\"widget\" data-e-type=\"widget\" data-widget_type=\"text-editor.default\">\n\t\t\t\t<div class=\"elementor-widget-container\">\n\t\t\t\t\t\t\t\t\t<p class=\"translation-block\"><span style=\"font-weight: 400\">Elementlerin sembolizmini kullanarak, \u00e7a\u011flar \u00f6ncesine uzanan <strong>antik bilgeli\u011fi<\/strong> hat\u0131rlamaya \u00e7al\u0131\u015f\u0131yoruz.<\/p><p class=\"translation-block\"><strong>Bedenin ve zihnin<\/strong> bir b\u00fct\u00fcn oldu\u011funu fark ederek ve modern hayat\u0131n bu birlikteli\u011fe verdi\u011fi zarar\u0131,  <strong>do\u011fadan ve sanattan<\/strong> gelen ipu\u00e7lar\u0131yla onarmaya \u00e7al\u0131\u015f\u0131yoruz.<\/p><p class=\"translation-block\">\u00c7a\u011fda\u015f ya\u015fam\u0131 anlamaya \u00e7al\u0131\u015f\u0131rken, bize \u00f6zg\u00fc sand\u0131\u011f\u0131m\u0131z <strong>korkular\u0131m\u0131z\u0131 ve \u00e7\u0131kmazlar\u0131m\u0131z\u0131<\/strong> ortakla\u015ft\u0131r\u0131p, birlikteli\u011fin g\u00fcc\u00fcyle iyile\u015febilece\u011fimiz bir alan yarat\u0131yoruz.<\/p>\t\t\t\t\t\t\t\t<\/div>\n\t\t\t\t<\/div>\n\t\t\t\t\t<\/div>\n\t\t\t\t<\/div>\n\t\t\t\t\t<\/div>\n\t\t\t\t<\/div>\n\t\t\t\t<\/div>\n\t\t\t\t\t<\/div>\n\t\t\t\t<\/div>\n\t\t<div class=\"elementor-element elementor-element-81677ec e-con-full e-flex e-con e-parent\" data-id=\"81677ec\" data-element_type=\"container\" data-e-type=\"container\" data-settings=\"{&quot;background_background&quot;:&quot;classic&quot;}\">\n\t\t<div class=\"elementor-element elementor-element-db73617 e-con-full e-flex e-con e-child\" data-id=\"db73617\" data-element_type=\"container\" data-e-type=\"container\">\n\t\t\t\t<div class=\"elementor-element elementor-element-04ba3f9 elementor-widget elementor-widget-text-editor\" data-id=\"04ba3f9\" data-element_type=\"widget\" data-e-type=\"widget\" data-widget_type=\"text-editor.default\">\n\t\t\t\t<div class=\"elementor-widget-container\">\n\t\t\t\t\t\t\t\t\t<p style=\"text-align: center;\" class=\"translation-block\">Antik \u00f6\u011fretileri anlamaya ve \u00e7a\u011f\u0131m\u0131za uyarlamaya \u00e7al\u0131\u015f\u0131yoruz;\n ama ne eski olduklar\u0131 i\u00e7in kutsalla\u015ft\u0131r\u0131yor,\n ne de modalar\u0131 ge\u00e7mi\u015f safsatalar olduklar\u0131 inanc\u0131na kap\u0131l\u0131yoruz.<\/p><p>\u00a0<\/p><p style=\"text-align: center;\" class=\"translation-block\">\u00c7a\u011f\u0131m\u0131z\u0131n bilimsel ara\u015ft\u0131rmalar\u0131n\u0131 da, insan zihnini, bedenini ve ili\u015fkilerini iyile\u015ftirmek i\u00e7in sundu\u011fu y\u00f6ntemleri de yine ayn\u0131 a\u00e7\u0131kl\u0131kla de\u011ferlendiriyoruz.<\/p><p>\u00a0<\/p><p style=\"text-align: center;\" class=\"translation-block\"><span style=\"font-weight: 400\">Bilimin, parlak zihinler taraf\u0131ndan insanl\u0131\u011f\u0131 geli\u015ftirmek i\u00e7in yap\u0131ld\u0131\u011f\u0131n\u0131 biliyoruz.\u2014<\/span><span style=\"font-weight: 400\"><br><\/span><span style=\"font-weight: 400\">\n Ama bir yandan da, maddiyat\u00e7\u0131 d\u00fcnyan\u0131n \u00e7\u0131karlar\u0131 do\u011frultusunda nas\u0131l  <\/span><b>manip\u00fcle<\/b><span style=\"font-weight: 400\"> edilebilece\u011fini g\u00f6z ard\u0131 etmiyoruz.<\/p>\t\t\t\t\t\t\t\t<\/div>\n\t\t\t\t<\/div>\n\t\t\t\t<\/div>\n\t\t\t\t<\/div>\n\t\t<div class=\"elementor-element elementor-element-ba46aa4 e-con-full e-flex e-con e-parent\" data-id=\"ba46aa4\" data-element_type=\"container\" data-e-type=\"container\" data-settings=\"{&quot;background_background&quot;:&quot;classic&quot;}\">\n\t\t<div class=\"elementor-element elementor-element-94092f7 e-con-full e-flex e-con e-child\" data-id=\"94092f7\" data-element_type=\"container\" data-e-type=\"container\">\n\t\t\t\t<div class=\"elementor-element elementor-element-ecfa3ca elementor-widget elementor-widget-text-editor\" data-id=\"ecfa3ca\" data-element_type=\"widget\" data-e-type=\"widget\" data-widget_type=\"text-editor.default\">\n\t\t\t\t<div class=\"elementor-widget-container\">\n\t\t\t\t\t\t\t\t\t<p style=\"text-align: center;\" class=\"translation-block\">Elementler, bizim i\u00e7in bir d\u00fc\u015f\u00fcnme bi\u00e7iminin sembolle\u015fmi\u015f hali.\n Kimi i\u00e7inden <strong>bilimsel<\/strong> temeller bulur, kimi <strong>psikolojik<\/strong> ipu\u00e7lar\u0131 arar, kimi bir <strong>inan\u00e7<\/strong> sistemiyle \u00f6rt\u00fc\u015ft\u00fcr\u00fcr, kimi <strong>y\u0131ld\u0131zlarla<\/strong> ba\u011flant\u0131 kurar.<\/p><p style=\"text-align: center;\" class=\"translation-block\">Kimin <strong>do\u011fru<\/strong> s\u00f6yledi\u011fini tart\u0131\u015fmak de\u011fil amac\u0131m\u0131z.\nK\u00f6keni binlerce y\u0131l geriye giden bu sembolizasyonu <strong>anlamak<\/strong> ve hayat\u0131m\u0131za katmak.<\/p>\t\t\t\t\t\t\t\t<\/div>\n\t\t\t\t<\/div>\n\t\t\t\t<\/div>\n\t\t\t\t<\/div>\n\t\t<div class=\"elementor-element elementor-element-0a2e64a e-con-full e-flex e-con e-parent\" data-id=\"0a2e64a\" data-element_type=\"container\" data-e-type=\"container\" data-settings=\"{&quot;background_background&quot;:&quot;classic&quot;}\">\n\t\t<div class=\"elementor-element elementor-element-3420721 e-con-full e-flex e-con e-child\" data-id=\"3420721\" data-element_type=\"container\" data-e-type=\"container\">\n\t\t\t\t<\/div>\n\t\t<div class=\"elementor-element elementor-element-e40333b e-con-full e-flex e-con e-child\" data-id=\"e40333b\" data-element_type=\"container\" data-e-type=\"container\">\n\t\t\t\t<div class=\"elementor-element elementor-element-33b4969 elementor-widget elementor-widget-text-editor\" data-id=\"33b4969\" data-element_type=\"widget\" data-e-type=\"widget\" data-widget_type=\"text-editor.default\">\n\t\t\t\t<div class=\"elementor-widget-container\">\n\t\t\t\t\t\t\t\t\t<p style=\"text-align: center;\"><span style=\"font-weight: 400;\">Bu bir \u00f6\u011freti de\u011fil,<\/span><\/p><p style=\"text-align: center;\"><span style=\"font-weight: 400;\">bu bir ayd\u0131nlanma de\u011fil,<\/span><\/p><p style=\"text-align: center;\"><span style=\"font-weight: 400;\">bu bir uyand\u0131rma de\u011fil.<\/span><\/p><p style=\"text-align: center;\"><span style=\"font-weight: 400;\">Bu bir yolculuk.<\/span><\/p><p style=\"text-align: center;\"><span style=\"font-weight: 400;\">Hep beraberce yola \u00e7\u0131k\u0131lan, yolda, yolun kendisinden ve yolcular\u0131n birbirinden \u00f6\u011frendi\u011fi bir yolculuk.<\/span><\/p>\t\t\t\t\t\t\t\t<\/div>\n\t\t\t\t<\/div>\n\t\t\t\t<div class=\"elementor-element elementor-element-0d64a7c elementor-widget elementor-widget-text-editor\" data-id=\"0d64a7c\" data-element_type=\"widget\" data-e-type=\"widget\" data-widget_type=\"text-editor.default\">\n\t\t\t\t<div class=\"elementor-widget-container\">\n\t\t\t\t\t\t\t\t\t<p>Bu yolda bizimle y\u00fcr\u00fcmeye haz\u0131r m\u0131s\u0131n\u0131z?<\/p>\t\t\t\t\t\t\t\t<\/div>\n\t\t\t\t<\/div>\n\t\t\t\t<\/div>\n\t\t<div class=\"elementor-element elementor-element-73c1a4e e-con-full e-flex e-con e-child\" data-id=\"73c1a4e\" data-element_type=\"container\" data-e-type=\"container\">\n\t\t\t\t<\/div>\n\t\t\t\t<\/div>\n\t\t\t\t<\/div>","protected":false},"excerpt":{"rendered":"<p>\u00a0 Humans, throughout the ages, have developed countless systems of thought and belief\u00a0in search of survival, meaning, and connection. Sometimes [&hellip;]<\/p>\n","protected":false},"author":1,"featured_media":0,"parent":0,"menu_order":0,"comment_status":"closed","ping_status":"closed","template":"","meta":{"site-sidebar-layout":"no-sidebar","site-content-layout":"page-builder","ast-site-content-layout":"default","site-content-style":"default","site-sidebar-style":"default","ast-global-header-display":"","ast-banner-title-visibility":"","ast-main-header-display":"","ast-hfb-above-header-display":"","ast-hfb-below-header-display":"","ast-hfb-mobile-header-display":"","site-post-title":"disabled","ast-breadcrumbs-content":"","ast-featured-img":"disabled","footer-sml-layout":"","ast-disable-related-posts":"","theme-transparent-header-meta":"enabled","adv-header-id-meta":"","stick-header-meta":"","header-above-stick-meta":"","header-main-stick-meta":"","header-below-stick-meta":"","astra-migrate-meta-layouts":"default","ast-page-background-enabled":"default","ast-page-background-meta":{"desktop":{"background-color":"var(--ast-global-color-5)","background-image":"","background-repeat":"repeat","background-position":"center center","background-size":"auto","background-attachment":"scroll","background-type":"","background-media":"","overlay-type":"","overlay-color":"","overlay-opacity":"","overlay-gradient":""},"tablet":{"background-color":"","background-image":"","background-repeat":"repeat","background-position":"center center","background-size":"auto","background-attachment":"scroll","background-type":"","background-media":"","overlay-type":"","overlay-color":"","overlay-opacity":"","overlay-gradient":""},"mobile":{"background-color":"","background-image":"","background-repeat":"repeat","background-position":"center center","background-size":"auto","background-attachment":"scroll","background-type":"","background-media":"","overlay-type":"","overlay-color":"","overlay-opacity":"","overlay-gradient":""}},"ast-content-background-meta":{"desktop":{"background-color":"var(--ast-global-color-4)","background-image":"","background-repeat":"repeat","background-position":"center center","background-size":"auto","background-attachment":"scroll","background-type":"","background-media":"","overlay-type":"","overlay-color":"","overlay-opacity":"","overlay-gradient":""},"tablet":{"background-color":"var(--ast-global-color-4)","background-image":"","background-repeat":"repeat","background-position":"center center","background-size":"auto","background-attachment":"scroll","background-type":"","background-media":"","overlay-type":"","overlay-color":"","overlay-opacity":"","overlay-gradient":""},"mobile":{"background-color":"var(--ast-global-color-4)","background-image":"","background-repeat":"repeat","background-position":"center center","background-size":"auto","background-attachment":"scroll","background-type":"","background-media":"","overlay-type":"","overlay-color":"","overlay-opacity":"","overlay-gradient":""}},"footnotes":""},"class_list":["post-1319","page","type-page","status-publish","hentry"],"yoast_head":"<!-- This site is optimized with the Yoast SEO plugin v27.3 - https:\/\/yoast.com\/product\/yoast-seo-wordpress\/ -->\n<title>Elementalite Philosophy | A Journey Through the Elements<\/title>\n<meta name=\"description\" content=\"A shared journey shaped by the timeless language of the elements\u2014beyond doctrine, toward meaning, connection, and inner exploration.\" \/>\n<meta name=\"robots\" content=\"index, follow, max-snippet:-1, max-image-preview:large, max-video-preview:-1\" \/>\n<link rel=\"canonical\" href=\"https:\/\/elementalite.me\/tr\/our_philosophy\/\" \/>\n<meta property=\"og:locale\" content=\"tr_TR\" \/>\n<meta property=\"og:type\" content=\"article\" \/>\n<meta property=\"og:title\" content=\"Elementalite Philosophy | A Journey Through the Elements\" \/>\n<meta property=\"og:description\" content=\"A shared journey shaped by the timeless language of the elements\u2014beyond doctrine, toward meaning, connection, and inner exploration.\" \/>\n<meta property=\"og:url\" content=\"https:\/\/elementalite.me\/tr\/our_philosophy\/\" \/>\n<meta property=\"article:modified_time\" content=\"2026-03-19T11:18:46+00:00\" \/>\n<meta property=\"og:image\" content=\"https:\/\/elementalite.me\/wp-content\/uploads\/2025\/05\/logo512.jpg\" \/>\n\t<meta property=\"og:image:width\" content=\"512\" \/>\n\t<meta property=\"og:image:height\" content=\"512\" \/>\n\t<meta property=\"og:image:type\" content=\"image\/jpeg\" \/>\n<meta name=\"twitter:card\" content=\"summary_large_image\" \/>\n<meta name=\"twitter:label1\" content=\"Tahmini okuma s\u00fcresi\" \/>\n\t<meta name=\"twitter:data1\" content=\"3 dakika\" \/>\n<script type=\"application\/ld+json\" class=\"yoast-schema-graph\">{\"@context\":\"https:\\\/\\\/schema.org\",\"@graph\":[{\"@type\":\"WebPage\",\"@id\":\"https:\\\/\\\/elementalite.me\\\/our_philosophy\\\/\",\"url\":\"https:\\\/\\\/elementalite.me\\\/our_philosophy\\\/\",\"name\":\"Elementalite Philosophy | A Journey Through the Elements\",\"isPartOf\":{\"@id\":\"https:\\\/\\\/elementalite.me\\\/#website\"},\"datePublished\":\"2025-04-08T14:12:43+00:00\",\"dateModified\":\"2026-03-19T11:18:46+00:00\",\"description\":\"A shared journey shaped by the timeless language of the elements\u2014beyond doctrine, toward meaning, connection, and inner exploration.\",\"breadcrumb\":{\"@id\":\"https:\\\/\\\/elementalite.me\\\/our_philosophy\\\/#breadcrumb\"},\"inLanguage\":\"tr\",\"potentialAction\":[{\"@type\":\"ReadAction\",\"target\":[\"https:\\\/\\\/elementalite.me\\\/our_philosophy\\\/\"]}]},{\"@type\":\"BreadcrumbList\",\"@id\":\"https:\\\/\\\/elementalite.me\\\/our_philosophy\\\/#breadcrumb\",\"itemListElement\":[{\"@type\":\"ListItem\",\"position\":1,\"name\":\"Anasayfa\",\"item\":\"https:\\\/\\\/elementalite.me\\\/\"},{\"@type\":\"ListItem\",\"position\":2,\"name\":\"Our Philosophy\"}]},{\"@type\":\"WebSite\",\"@id\":\"https:\\\/\\\/elementalite.me\\\/#website\",\"url\":\"https:\\\/\\\/elementalite.me\\\/\",\"name\":\"Elementalite.me\",\"description\":\"Reconnect with the Elements, Rediscover Yourself\",\"publisher\":{\"@id\":\"https:\\\/\\\/elementalite.me\\\/#organization\"},\"potentialAction\":[{\"@type\":\"SearchAction\",\"target\":{\"@type\":\"EntryPoint\",\"urlTemplate\":\"https:\\\/\\\/elementalite.me\\\/?s={search_term_string}\"},\"query-input\":{\"@type\":\"PropertyValueSpecification\",\"valueRequired\":true,\"valueName\":\"search_term_string\"}}],\"inLanguage\":\"tr\"},{\"@type\":\"Organization\",\"@id\":\"https:\\\/\\\/elementalite.me\\\/#organization\",\"name\":\"Elementalite\",\"url\":\"https:\\\/\\\/elementalite.me\\\/\",\"logo\":{\"@type\":\"ImageObject\",\"inLanguage\":\"tr\",\"@id\":\"https:\\\/\\\/elementalite.me\\\/#\\\/schema\\\/logo\\\/image\\\/\",\"url\":\"https:\\\/\\\/elementalite.me\\\/wp-content\\\/uploads\\\/2025\\\/05\\\/logo512.jpg\",\"contentUrl\":\"https:\\\/\\\/elementalite.me\\\/wp-content\\\/uploads\\\/2025\\\/05\\\/logo512.jpg\",\"width\":512,\"height\":512,\"caption\":\"Elementalite\"},\"image\":{\"@id\":\"https:\\\/\\\/elementalite.me\\\/#\\\/schema\\\/logo\\\/image\\\/\"},\"sameAs\":[\"https:\\\/\\\/www.instagram.com\\\/elementalite.me?igsh=ZHcxMW1vMXZ0Z2Q0\"]}]}<\/script>\n<!-- \/ Yoast SEO plugin. -->","yoast_head_json":{"title":"Elementalite Philosophy | A Journey Through the Elements","description":"A shared journey shaped by the timeless language of the elements\u2014beyond doctrine, toward meaning, connection, and inner exploration.","robots":{"index":"index","follow":"follow","max-snippet":"max-snippet:-1","max-image-preview":"max-image-preview:large","max-video-preview":"max-video-preview:-1"},"canonical":"https:\/\/elementalite.me\/tr\/our_philosophy\/","og_locale":"tr_TR","og_type":"article","og_title":"Elementalite Philosophy | A Journey Through the Elements","og_description":"A shared journey shaped by the timeless language of the elements\u2014beyond doctrine, toward meaning, connection, and inner exploration.","og_url":"https:\/\/elementalite.me\/tr\/our_philosophy\/","article_modified_time":"2026-03-19T11:18:46+00:00","og_image":[{"width":512,"height":512,"url":"https:\/\/elementalite.me\/wp-content\/uploads\/2025\/05\/logo512.jpg","type":"image\/jpeg"}],"twitter_card":"summary_large_image","twitter_misc":{"Tahmini okuma s\u00fcresi":"3 dakika"},"schema":{"@context":"https:\/\/schema.org","@graph":[{"@type":"WebPage","@id":"https:\/\/elementalite.me\/our_philosophy\/","url":"https:\/\/elementalite.me\/our_philosophy\/","name":"Elementalite Philosophy | A Journey Through the Elements","isPartOf":{"@id":"https:\/\/elementalite.me\/#website"},"datePublished":"2025-04-08T14:12:43+00:00","dateModified":"2026-03-19T11:18:46+00:00","description":"A shared journey shaped by the timeless language of the elements\u2014beyond doctrine, toward meaning, connection, and inner exploration.","breadcrumb":{"@id":"https:\/\/elementalite.me\/our_philosophy\/#breadcrumb"},"inLanguage":"tr","potentialAction":[{"@type":"ReadAction","target":["https:\/\/elementalite.me\/our_philosophy\/"]}]},{"@type":"BreadcrumbList","@id":"https:\/\/elementalite.me\/our_philosophy\/#breadcrumb","itemListElement":[{"@type":"ListItem","position":1,"name":"Anasayfa","item":"https:\/\/elementalite.me\/"},{"@type":"ListItem","position":2,"name":"Our Philosophy"}]},{"@type":"WebSite","@id":"https:\/\/elementalite.me\/#website","url":"https:\/\/elementalite.me\/","name":"Elementalite.me","description":"Reconnect with the Elements, Rediscover Yourself","publisher":{"@id":"https:\/\/elementalite.me\/#organization"},"potentialAction":[{"@type":"SearchAction","target":{"@type":"EntryPoint","urlTemplate":"https:\/\/elementalite.me\/?s={search_term_string}"},"query-input":{"@type":"PropertyValueSpecification","valueRequired":true,"valueName":"search_term_string"}}],"inLanguage":"tr"},{"@type":"Organization","@id":"https:\/\/elementalite.me\/#organization","name":"Elementalite","url":"https:\/\/elementalite.me\/","logo":{"@type":"ImageObject","inLanguage":"tr","@id":"https:\/\/elementalite.me\/#\/schema\/logo\/image\/","url":"https:\/\/elementalite.me\/wp-content\/uploads\/2025\/05\/logo512.jpg","contentUrl":"https:\/\/elementalite.me\/wp-content\/uploads\/2025\/05\/logo512.jpg","width":512,"height":512,"caption":"Elementalite"},"image":{"@id":"https:\/\/elementalite.me\/#\/schema\/logo\/image\/"},"sameAs":["https:\/\/www.instagram.com\/elementalite.me?igsh=ZHcxMW1vMXZ0Z2Q0"]}]}},"_links":{"self":[{"href":"https:\/\/elementalite.me\/tr\/wp-json\/wp\/v2\/pages\/1319","targetHints":{"allow":["GET"]}}],"collection":[{"href":"https:\/\/elementalite.me\/tr\/wp-json\/wp\/v2\/pages"}],"about":[{"href":"https:\/\/elementalite.me\/tr\/wp-json\/wp\/v2\/types\/page"}],"author":[{"embeddable":true,"href":"https:\/\/elementalite.me\/tr\/wp-json\/wp\/v2\/users\/1"}],"replies":[{"embeddable":true,"href":"https:\/\/elementalite.me\/tr\/wp-json\/wp\/v2\/comments?post=1319"}],"version-history":[{"count":25,"href":"https:\/\/elementalite.me\/tr\/wp-json\/wp\/v2\/pages\/1319\/revisions"}],"predecessor-version":[{"id":3740,"href":"https:\/\/elementalite.me\/tr\/wp-json\/wp\/v2\/pages\/1319\/revisions\/3740"}],"wp:attachment":[{"href":"https:\/\/elementalite.me\/tr\/wp-json\/wp\/v2\/media?parent=1319"}],"curies":[{"name":"wp","href":"https:\/\/api.w.org\/{rel}","templated":true}]}}